{"id":117288,"date":"2026-04-16T23:18:23","date_gmt":"2026-04-16T21:18:23","guid":{"rendered":"https:\/\/one-horizon.ch\/product\/craighill-facet-bowl-schwarz-gross\/"},"modified":"2026-04-16T23:18:23","modified_gmt":"2026-04-16T21:18:23","slug":"craighill-facet-bowl-schwarz-gross","status":"publish","type":"product","link":"https:\/\/one-horizon.ch\/fr\/product\/craighill-facet-bowl-schwarz-gross\/","title":{"rendered":"Facet Bowl Noir Grand"},"content":{"rendered":"<p>Le <strong>Craighill Facet Bowl<\/strong> est fabriqu\u00e9 \u00e0 partir d&#8217;un bloc de marbre noir Marquina &#8211; l&#8217;un des mat\u00e9riaux naturels les plus expressifs qui existent. Chaque bol est une pi\u00e8ce unique, marqu\u00e9e par les veines uniques de la pierre. <\/p>\n<h2>Un design qui a les pieds sur terre &#8211; et sans<\/h2>\n<p>Le bord biseaut\u00e9 sur la face inf\u00e9rieure donne l&#8217;impression que la coque flotte l\u00e9g\u00e8rement sur la surface. Un d\u00e9tail qui attire imm\u00e9diatement l&#8217;attention. Craighill a con\u00e7u le Facet Bowl de mani\u00e8re \u00e0 ce qu&#8217;il puisse jouer de nombreux r\u00f4les : un \u00e9l\u00e9gant bol \u00e0 fruits, un plateau sur la table basse ou un objet de d\u00e9coration dans l&#8217;entr\u00e9e.  <\/p>\n<h2>D\u00e9tails du produit<\/h2>\n<ul>\n<li>Mat\u00e9riau : Marbre noir de Marquina<\/li>\n<li>Diam\u00e8tre : 31 cm (grand mod\u00e8le)<\/li>\n<li>Face inf\u00e9rieure biseaut\u00e9e pour une apparence flottante<\/li>\n<li>Chaque bol est unique &#8211; le grain varie<\/li>\n<\/ul>\n<p>Un objet qui est mis en valeur dans chaque pi\u00e8ce et qui reste ce qu&#8217;il est : de la pierre pure.<\/p>\n","protected":false},"excerpt":{"rendered":"<p>Le Craighill Facet Bowl en marbre noir Marquina &#8211; 31 cm de diam\u00e8tre, base biseaut\u00e9e pour une apparence flottante. Aussi \u00e0 l&#8217;aise comme coupe \u00e0 fruits, objet de d\u00e9coration ou plateau de table basse. <\/p>\n","protected":false},"featured_media":115559,"comment_status":"open","ping_status":"closed","template":"","meta":{"_acf_changed":false},"product_brand":[3114],"product_cat":[1280],"product_tag":[3359,3140],"class_list":{"0":"post-117288","1":"product","2":"type-product","3":"status-publish","4":"has-post-thumbnail","6":"product_brand-craighill","7":"product_cat-vaisselle","8":"product_tag-anniversaire","9":"product_tag-noel","11":"first","12":"onbackorder","13":"taxable","14":"shipping-taxable","15":"purchasable","16":"product-type-simple"},"acf":[],"_links":{"self":[{"href":"https:\/\/one-horizon.ch\/fr\/wp-json\/wp\/v2\/product\/117288","targetHints":{"allow":["GET"]}}],"collection":[{"href":"https:\/\/one-horizon.ch\/fr\/wp-json\/wp\/v2\/product"}],"about":[{"href":"https:\/\/one-horizon.ch\/fr\/wp-json\/wp\/v2\/types\/product"}],"replies":[{"embeddable":true,"href":"https:\/\/one-horizon.ch\/fr\/wp-json\/wp\/v2\/comments?post=117288"}],"wp:featuredmedia":[{"embeddable":true,"href":"https:\/\/one-horizon.ch\/fr\/wp-json\/wp\/v2\/media\/115559"}],"wp:attachment":[{"href":"https:\/\/one-horizon.ch\/fr\/wp-json\/wp\/v2\/media?parent=117288"}],"wp:term":[{"taxonomy":"product_brand","embeddable":true,"href":"https:\/\/one-horizon.ch\/fr\/wp-json\/wp\/v2\/product_brand?post=117288"},{"taxonomy":"product_cat","embeddable":true,"href":"https:\/\/one-horizon.ch\/fr\/wp-json\/wp\/v2\/product_cat?post=117288"},{"taxonomy":"product_tag","embeddable":true,"href":"https:\/\/one-horizon.ch\/fr\/wp-json\/wp\/v2\/product_tag?post=117288"}],"curies":[{"name":"wp","href":"https:\/\/api.w.org\/{rel}","templated":true}]}}