{"id":117304,"date":"2026-04-16T23:29:10","date_gmt":"2026-04-16T21:29:10","guid":{"rendered":"https:\/\/one-horizon.ch\/product\/craighill-press-vessel\/"},"modified":"2026-04-16T23:29:10","modified_gmt":"2026-04-16T21:29:10","slug":"craighill-press-vessel","status":"publish","type":"product","link":"https:\/\/one-horizon.ch\/fr\/product\/craighill-press-vessel\/","title":{"rendered":"Vaisseau de presse"},"content":{"rendered":"<p>Le <strong>Craighill Press Vessel<\/strong> est un r\u00e9cipient de caract\u00e8re. Frais\u00e9 en aluminium anodis\u00e9, scell\u00e9 par un anneau en silicone, il est parfait pour tout ce qui doit \u00eatre conserv\u00e9 en toute s\u00e9curit\u00e9 : Pilules, g\u00e9lules, petits bijoux ou \u00e9pices rares. <\/p>\n<h2>La pr\u00e9cision au quotidien<\/h2>\n<p>Craighill a con\u00e7u le Press Vessel de mani\u00e8re \u00e0 ce que l&#8217;ouverture elle-m\u00eame soit un petit rituel : presser, tourner, ouvrir. La sensation rappelle les bo\u00eetiers de montres haut de gamme. <\/p>\n<h2>D\u00e9tails du produit<\/h2>\n<ul>\n<li>Mat\u00e9riau : aluminium anodis\u00e9 avec anneau en silicone<\/li>\n<li>Ferm\u00e9 herm\u00e9tiquement<\/li>\n<li>Fraisage de pr\u00e9cision (CNC)<\/li>\n<li>Disponible en argent et en noir mat<\/li>\n<li>De Craighill, Brooklyn NY<\/li>\n<\/ul>\n","protected":false},"excerpt":{"rendered":"<p>Le Craighill Press Vessel est un r\u00e9cipient herm\u00e9tique en aluminium anodis\u00e9 usin\u00e9 avec pr\u00e9cision &#8211; id\u00e9al pour les pilules, les g\u00e9lules, les \u00e9pices ou les petits tr\u00e9sors. Avec anneau en silicone pour une fermeture absolue. <\/p>\n","protected":false},"featured_media":115760,"comment_status":"open","ping_status":"closed","template":"","meta":{"_acf_changed":false},"product_brand":[3114],"product_cat":[1302],"product_tag":[3359,3140],"class_list":{"0":"post-117304","1":"product","2":"type-product","3":"status-publish","4":"has-post-thumbnail","6":"product_brand-craighill","7":"product_cat-rangement","8":"product_tag-anniversaire","9":"product_tag-noel","11":"first","12":"onbackorder","13":"taxable","14":"shipping-taxable","15":"purchasable","16":"product-type-variable"},"acf":[],"_links":{"self":[{"href":"https:\/\/one-horizon.ch\/fr\/wp-json\/wp\/v2\/product\/117304","targetHints":{"allow":["GET"]}}],"collection":[{"href":"https:\/\/one-horizon.ch\/fr\/wp-json\/wp\/v2\/product"}],"about":[{"href":"https:\/\/one-horizon.ch\/fr\/wp-json\/wp\/v2\/types\/product"}],"replies":[{"embeddable":true,"href":"https:\/\/one-horizon.ch\/fr\/wp-json\/wp\/v2\/comments?post=117304"}],"wp:featuredmedia":[{"embeddable":true,"href":"https:\/\/one-horizon.ch\/fr\/wp-json\/wp\/v2\/media\/115760"}],"wp:attachment":[{"href":"https:\/\/one-horizon.ch\/fr\/wp-json\/wp\/v2\/media?parent=117304"}],"wp:term":[{"taxonomy":"product_brand","embeddable":true,"href":"https:\/\/one-horizon.ch\/fr\/wp-json\/wp\/v2\/product_brand?post=117304"},{"taxonomy":"product_cat","embeddable":true,"href":"https:\/\/one-horizon.ch\/fr\/wp-json\/wp\/v2\/product_cat?post=117304"},{"taxonomy":"product_tag","embeddable":true,"href":"https:\/\/one-horizon.ch\/fr\/wp-json\/wp\/v2\/product_tag?post=117304"}],"curies":[{"name":"wp","href":"https:\/\/api.w.org\/{rel}","templated":true}]}}