{"id":117312,"date":"2026-04-16T23:25:09","date_gmt":"2026-04-16T21:25:09","guid":{"rendered":"https:\/\/one-horizon.ch\/product\/craighill-arris-duffle\/"},"modified":"2026-04-16T23:25:09","modified_gmt":"2026-04-16T21:25:09","slug":"craighill-arris-duffle","status":"publish","type":"product","link":"https:\/\/one-horizon.ch\/fr\/product\/craighill-arris-duffle\/","title":{"rendered":"Arris Duffle"},"content":{"rendered":"<p>Le <strong>Craighill Arris Duffle<\/strong> est le sac de week-end que vous voulez toujours utiliser. Non pas parce qu&#8217;il le faut, mais parce qu&#8217;il fonctionne bien et qu&#8217;il est exceptionnellement beau. Suffisamment compact pour \u00eatre rang\u00e9 dans un compartiment \u00e0 bagages, il est suffisamment grand pour un long week-end.  <\/p>\n<h2>Un mat\u00e9riau qui reste<\/h2>\n<p>Fabriqu\u00e9 en nylon enduit d&#8217;acrylique et r\u00e9sistant \u00e0 l&#8217;eau, un mat\u00e9riau \u00e0 la fois robuste et doux au toucher. Les poign\u00e9es en maille caoutchout\u00e9e sont confortables et tiennent bien en main, m\u00eame lorsqu&#8217;elles sont charg\u00e9es. L&#8217;int\u00e9rieur est suffisamment structur\u00e9 pour que rien ne s&#8217;\u00e9chappe.  <\/p>\n<h2>D\u00e9tails du produit<\/h2>\n<ul>\n<li>Mat\u00e9riau : nylon enduit d&#8217;acrylique, hydrofuge<\/li>\n<li>Capacit\u00e9 : 45 l<\/li>\n<li>Poids : environ 820 g<\/li>\n<li>Conforme aux normes TSA, s&#8217;adapte aux compartiments \u00e0 bagages<\/li>\n<li>Poign\u00e9es en filet caoutchout\u00e9<\/li>\n<li>De Craighill, Brooklyn NY<\/li>\n<\/ul>\n","protected":false},"excerpt":{"rendered":"<p>Le Craighill Arris Duffle est un sac structur\u00e9 pour le week-end en nylon imperm\u00e9able d&#8217;une capacit\u00e9 de 45 litres. Poign\u00e9es en filet caoutchout\u00e9, conforme \u00e0 la norme TSA, se glisse dans le compartiment \u00e0 bagages &#8211; parfait pour les voyages de week-end. <\/p>\n","protected":false},"featured_media":115675,"comment_status":"open","ping_status":"closed","template":"","meta":{"_acf_changed":false},"product_brand":[3114],"product_cat":[1380],"product_tag":[3359,3373,3140,3292],"class_list":{"0":"post-117312","1":"product","2":"type-product","3":"status-publish","4":"has-post-thumbnail","6":"product_brand-craighill","7":"product_cat-sacs-de-sport","8":"product_tag-anniversaire","9":"product_tag-fete-des-peres","10":"product_tag-noel","11":"product_tag-pour-lui","13":"first","14":"onbackorder","15":"taxable","16":"shipping-taxable","17":"purchasable","18":"product-type-variable"},"acf":[],"_links":{"self":[{"href":"https:\/\/one-horizon.ch\/fr\/wp-json\/wp\/v2\/product\/117312","targetHints":{"allow":["GET"]}}],"collection":[{"href":"https:\/\/one-horizon.ch\/fr\/wp-json\/wp\/v2\/product"}],"about":[{"href":"https:\/\/one-horizon.ch\/fr\/wp-json\/wp\/v2\/types\/product"}],"replies":[{"embeddable":true,"href":"https:\/\/one-horizon.ch\/fr\/wp-json\/wp\/v2\/comments?post=117312"}],"wp:featuredmedia":[{"embeddable":true,"href":"https:\/\/one-horizon.ch\/fr\/wp-json\/wp\/v2\/media\/115675"}],"wp:attachment":[{"href":"https:\/\/one-horizon.ch\/fr\/wp-json\/wp\/v2\/media?parent=117312"}],"wp:term":[{"taxonomy":"product_brand","embeddable":true,"href":"https:\/\/one-horizon.ch\/fr\/wp-json\/wp\/v2\/product_brand?post=117312"},{"taxonomy":"product_cat","embeddable":true,"href":"https:\/\/one-horizon.ch\/fr\/wp-json\/wp\/v2\/product_cat?post=117312"},{"taxonomy":"product_tag","embeddable":true,"href":"https:\/\/one-horizon.ch\/fr\/wp-json\/wp\/v2\/product_tag?post=117312"}],"curies":[{"name":"wp","href":"https:\/\/api.w.org\/{rel}","templated":true}]}}