{"id":117320,"date":"2026-04-16T23:28:01","date_gmt":"2026-04-16T21:28:01","guid":{"rendered":"https:\/\/one-horizon.ch\/product\/craighill-kepler-pen\/"},"modified":"2026-04-16T23:28:01","modified_gmt":"2026-04-16T21:28:01","slug":"craighill-kepler-pen","status":"publish","type":"product","link":"https:\/\/one-horizon.ch\/fr\/product\/craighill-kepler-pen\/","title":{"rendered":"Stylo Kepler"},"content":{"rendered":"<p>\u00c0 une \u00e9poque o\u00f9 l&#8217;on saisit tout num\u00e9riquement, l&#8217;\u00e9criture analogique a acquis une qualit\u00e9 toute particuli\u00e8re. Le <strong>Craighill Kepler Pen<\/strong> s&#8217;adresse \u00e0 ceux qui le savent &#8211; et qui souhaitent offrir \u00e0 leur outil d&#8217;\u00e9criture quotidien une qualit\u00e9 que l&#8217;on peut ressentir. <\/p>\n<h2>Un poids qui rend familier<\/h2>\n<p>Le Kepler Pen est plus lourd que la plupart des stylos \u00e0 bille. Son poids ancre le stylo dans la main et rend l&#8217;\u00e9criture plus agr\u00e9able. Tourn\u00e9 avec pr\u00e9cision, il est dot\u00e9 d&#8217;un clip qui tient ses promesses.  <\/p>\n<h2>D\u00e9tails du produit<\/h2>\n<ul>\n<li>Mat\u00e9riau : tout m\u00e9tal (acier inoxydable, laiton ou rev\u00eatement noir)<\/li>\n<li>Rechargeable avec des mines Parker standard<\/li>\n<li>Fermeture \u00e0 vis<\/li>\n<li>De Craighill, Brooklyn NY<\/li>\n<\/ul>\n","protected":false},"excerpt":{"rendered":"<p>Le Craighill Kepler Pen est un stylo \u00e0 bille enti\u00e8rement m\u00e9tallique &#8211; lourd, \u00e9quilibr\u00e9 et pr\u00eat \u00e0 \u00eatre utilis\u00e9 quotidiennement. Rechargeable avec des mines Parker standard. Disponible en trois finitions : Acier inoxydable, laiton ou noir.  <\/p>\n","protected":false},"featured_media":115732,"comment_status":"open","ping_status":"closed","template":"","meta":{"_acf_changed":false},"product_brand":[3114],"product_cat":[1279],"product_tag":[3359,3373,3140,3292],"class_list":{"0":"post-117320","1":"product","2":"type-product","3":"status-publish","4":"has-post-thumbnail","6":"product_brand-craighill","7":"product_cat-stylos","8":"product_tag-anniversaire","9":"product_tag-fete-des-peres","10":"product_tag-noel","11":"product_tag-pour-lui","13":"first","14":"onbackorder","15":"taxable","16":"shipping-taxable","17":"purchasable","18":"product-type-variable"},"acf":[],"_links":{"self":[{"href":"https:\/\/one-horizon.ch\/fr\/wp-json\/wp\/v2\/product\/117320","targetHints":{"allow":["GET"]}}],"collection":[{"href":"https:\/\/one-horizon.ch\/fr\/wp-json\/wp\/v2\/product"}],"about":[{"href":"https:\/\/one-horizon.ch\/fr\/wp-json\/wp\/v2\/types\/product"}],"replies":[{"embeddable":true,"href":"https:\/\/one-horizon.ch\/fr\/wp-json\/wp\/v2\/comments?post=117320"}],"wp:featuredmedia":[{"embeddable":true,"href":"https:\/\/one-horizon.ch\/fr\/wp-json\/wp\/v2\/media\/115732"}],"wp:attachment":[{"href":"https:\/\/one-horizon.ch\/fr\/wp-json\/wp\/v2\/media?parent=117320"}],"wp:term":[{"taxonomy":"product_brand","embeddable":true,"href":"https:\/\/one-horizon.ch\/fr\/wp-json\/wp\/v2\/product_brand?post=117320"},{"taxonomy":"product_cat","embeddable":true,"href":"https:\/\/one-horizon.ch\/fr\/wp-json\/wp\/v2\/product_cat?post=117320"},{"taxonomy":"product_tag","embeddable":true,"href":"https:\/\/one-horizon.ch\/fr\/wp-json\/wp\/v2\/product_tag?post=117320"}],"curies":[{"name":"wp","href":"https:\/\/api.w.org\/{rel}","templated":true}]}}