{"id":117382,"date":"2026-03-17T22:45:30","date_gmt":"2026-03-17T21:45:30","guid":{"rendered":"https:\/\/one-horizon.ch\/product\/kreafunk-bell\/"},"modified":"2026-03-17T22:45:30","modified_gmt":"2026-03-17T21:45:30","slug":"kreafunk-bell","status":"publish","type":"product","link":"https:\/\/one-horizon.ch\/fr\/product\/kreafunk-bell\/","title":{"rendered":"Kreafunk Bell"},"content":{"rendered":"<p>Le Kreafunk Bell est un haut-parleur Bluetooth \u00e9l\u00e9gant et compact en forme de cloche &#8211; sonore, \u00e9l\u00e9gant et utilisable partout.<\/p>\n<h2>Points forts<\/h2>\n<p><strong>Forme de cloche iconique<\/strong> &#8211; Son design unique fait de Bell un \u00e9l\u00e9ment d\u00e9coratif phare dans n&#8217;importe quelle pi\u00e8ce.<\/p>\n<p><strong>Un son puissant \u00e0 360\u00b0<\/strong> &#8211; Un son plein et rond dans toutes les directions.<\/p>\n<p><strong>Protection contre les projections d&#8217;eau IPX4<\/strong> &#8211; Id\u00e9al pour la cuisine, la terrasse et l&#8217;utilisation en ext\u00e9rieur.<\/p>\n<h2>D\u00e9tails techniques<\/h2>\n<ul>\n<li>Bluetooth 5.0<\/li>\n<li>Autonomie de la batterie : jusqu&#8217;\u00e0 10 heures<\/li>\n<li>Haut-parleur : 5W<\/li>\n<li>Protection contre les projections d&#8217;eau : IPX4<\/li>\n<li>Port de charge USB-C<\/li>\n<li>Microphone int\u00e9gr\u00e9<\/li>\n<li>Poids : 0,26 kg<\/li>\n<\/ul>\n","protected":false},"excerpt":{"rendered":"<p>Le Kreafunk Bell s\u00e9duit par son son \u00e0 360\u00b0 issu de son design caract\u00e9ristique en forme de cloche. Le haut-parleur Bluetooth compact se charge en 1 \u00e0 2 heures et est disponible en quatre couleurs intemporelles &#8211; le compagnon id\u00e9al pour chaque pi\u00e8ce. <\/p>\n","protected":false},"featured_media":115268,"comment_status":"open","ping_status":"closed","template":"","meta":{"_acf_changed":false},"product_brand":[3016],"product_cat":[1023],"product_tag":[],"class_list":{"0":"post-117382","1":"product","2":"type-product","3":"status-publish","4":"has-post-thumbnail","6":"product_brand-kreafunk","7":"product_cat-haut-parleur","9":"first","10":"onbackorder","11":"taxable","12":"shipping-taxable","13":"purchasable","14":"product-type-variable"},"acf":[],"_links":{"self":[{"href":"https:\/\/one-horizon.ch\/fr\/wp-json\/wp\/v2\/product\/117382","targetHints":{"allow":["GET"]}}],"collection":[{"href":"https:\/\/one-horizon.ch\/fr\/wp-json\/wp\/v2\/product"}],"about":[{"href":"https:\/\/one-horizon.ch\/fr\/wp-json\/wp\/v2\/types\/product"}],"replies":[{"embeddable":true,"href":"https:\/\/one-horizon.ch\/fr\/wp-json\/wp\/v2\/comments?post=117382"}],"wp:featuredmedia":[{"embeddable":true,"href":"https:\/\/one-horizon.ch\/fr\/wp-json\/wp\/v2\/media\/115268"}],"wp:attachment":[{"href":"https:\/\/one-horizon.ch\/fr\/wp-json\/wp\/v2\/media?parent=117382"}],"wp:term":[{"taxonomy":"product_brand","embeddable":true,"href":"https:\/\/one-horizon.ch\/fr\/wp-json\/wp\/v2\/product_brand?post=117382"},{"taxonomy":"product_cat","embeddable":true,"href":"https:\/\/one-horizon.ch\/fr\/wp-json\/wp\/v2\/product_cat?post=117382"},{"taxonomy":"product_tag","embeddable":true,"href":"https:\/\/one-horizon.ch\/fr\/wp-json\/wp\/v2\/product_tag?post=117382"}],"curies":[{"name":"wp","href":"https:\/\/api.w.org\/{rel}","templated":true}]}}