{"id":117439,"date":"2026-04-11T00:39:25","date_gmt":"2026-04-10T22:39:25","guid":{"rendered":"https:\/\/one-horizon.ch\/product\/craighill-rope-split-ring\/"},"modified":"2026-04-11T00:39:25","modified_gmt":"2026-04-10T22:39:25","slug":"craighill-rope-split-ring","status":"publish","type":"product","link":"https:\/\/one-horizon.ch\/fr\/product\/craighill-rope-split-ring\/","title":{"rendered":"Anneau de corde"},"content":{"rendered":"<p>Le Craighill Rope Split Ring r\u00e9sout un probl\u00e8me quotidien de mani\u00e8re \u00e9l\u00e9gante : Il permet d&#8217;ajouter et de changer des cl\u00e9s sans ab\u00eemer le bout des doigts. Un onglet d&#8217;ouverture allong\u00e9 fait du remplissage du porte-cl\u00e9s un acte divertissant plut\u00f4t qu&#8217;une torture. <\/p>\n<h2>Cordon tress\u00e9, design \u00e9pur\u00e9<\/h2>\n<p>Au lieu d&#8217;\u00eatre pos\u00e9 sur du m\u00e9tal nu, l&#8217;anneau est suspendu \u00e0 l&#8217;extr\u00e9mit\u00e9 d&#8217;un cordon tress\u00e9 tr\u00e8s maniable &#8211; stable, agr\u00e9able au toucher et disponible en plusieurs couleurs. Slate Gray, Cornflower Blue, Monarch Orange et Black &amp; White pour la longueur standard ; Long Slate Gray pour ceux qui souhaitent porter l&#8217;anneau autour du poignet ou l&#8217;attacher \u00e0 leur sac. <\/p>\n<h2>Caract\u00e9ristiques<\/h2>\n<ul>\n<li>onglet d&#8217;ouverture pour un remplissage facile &#8211; pas besoin d&#8217;utiliser des clous<\/li>\n<li>Cordon tress\u00e9 en plusieurs coloris<\/li>\n<li>Long Slate Gray : version allong\u00e9e \u00e0 porter au poignet ou dans une poche<\/li>\n<li>Compatible avec les cl\u00e9s, les mousquetons et les clip-on<\/li>\n<li>Marque : Craighill, USA<\/li>\n<\/ul>\n","protected":false},"excerpt":{"rendered":"<p>Craighill Rope Split Ring : Porte-cl\u00e9s en corde tress\u00e9e &#8211; s&#8217;ouvre sans outil ni clou. Parfait pour plusieurs cl\u00e9s et clips. Disponible en cinq couleurs, dont une version plus longue \u00e0 porter en bandouli\u00e8re.  <\/p>\n","protected":false},"featured_media":114940,"comment_status":"open","ping_status":"closed","template":"","meta":{"_acf_changed":false},"product_brand":[3114],"product_cat":[3276],"product_tag":[],"class_list":{"0":"post-117439","1":"product","2":"type-product","3":"status-publish","4":"has-post-thumbnail","6":"product_brand-craighill","7":"product_cat-carry-essentials","9":"first","10":"onbackorder","11":"taxable","12":"shipping-taxable","13":"purchasable","14":"product-type-variable"},"acf":[],"_links":{"self":[{"href":"https:\/\/one-horizon.ch\/fr\/wp-json\/wp\/v2\/product\/117439","targetHints":{"allow":["GET"]}}],"collection":[{"href":"https:\/\/one-horizon.ch\/fr\/wp-json\/wp\/v2\/product"}],"about":[{"href":"https:\/\/one-horizon.ch\/fr\/wp-json\/wp\/v2\/types\/product"}],"replies":[{"embeddable":true,"href":"https:\/\/one-horizon.ch\/fr\/wp-json\/wp\/v2\/comments?post=117439"}],"wp:featuredmedia":[{"embeddable":true,"href":"https:\/\/one-horizon.ch\/fr\/wp-json\/wp\/v2\/media\/114940"}],"wp:attachment":[{"href":"https:\/\/one-horizon.ch\/fr\/wp-json\/wp\/v2\/media?parent=117439"}],"wp:term":[{"taxonomy":"product_brand","embeddable":true,"href":"https:\/\/one-horizon.ch\/fr\/wp-json\/wp\/v2\/product_brand?post=117439"},{"taxonomy":"product_cat","embeddable":true,"href":"https:\/\/one-horizon.ch\/fr\/wp-json\/wp\/v2\/product_cat?post=117439"},{"taxonomy":"product_tag","embeddable":true,"href":"https:\/\/one-horizon.ch\/fr\/wp-json\/wp\/v2\/product_tag?post=117439"}],"curies":[{"name":"wp","href":"https:\/\/api.w.org\/{rel}","templated":true}]}}