{"id":118699,"date":"2026-05-02T01:01:13","date_gmt":"2026-05-01T23:01:13","guid":{"rendered":"https:\/\/one-horizon.ch\/product\/ellie\/"},"modified":"2026-05-02T14:44:50","modified_gmt":"2026-05-02T12:44:50","slug":"ellie","status":"publish","type":"product","link":"https:\/\/one-horizon.ch\/fr\/product\/ellie\/","title":{"rendered":"Ellie"},"content":{"rendered":"<p>Ellie est plus qu&#8217;une lampe &#8211; et plus qu&#8217;un haut-parleur. Les deux en un : une source de lumi\u00e8re chaude pour le bureau ou la table de nuit, qui joue votre musique, r\u00e9pond aux appels et recharge votre smartphone sans fil en m\u00eame temps. <\/p>\n<h2>Lumi\u00e8re, son et magasin en un<\/h2>\n<p>Avec <strong>Bluetooth 5.1<\/strong>, un microphone int\u00e9gr\u00e9 et un chargeur Qi \u00e0 la base, Ellie \u00e9limine l&#8217;encombrement des c\u00e2bles sur le bureau. Trois niveaux d&#8217;\u00e9clairage r\u00e9glables permettent de cr\u00e9er une atmosph\u00e8re adapt\u00e9e, que ce soit pour le travail, la d\u00e9tente ou la musique. <\/p>\n<ul>\n<li><strong>Mat\u00e9riau :<\/strong> 100% plastique recycl\u00e9<\/li>\n<li><strong>Bluetooth :<\/strong> 5.1, port\u00e9e jusqu&#8217;\u00e0 10 m<\/li>\n<li><strong>Haut-parleurs :<\/strong> amplificateur num\u00e9rique 3 W<\/li>\n<li><strong>Chargement sans fil :<\/strong> Compatible Qi, 10 W<\/li>\n<li><strong>Lumi\u00e8re :<\/strong> 3 niveaux de gradation<\/li>\n<li><strong>Microphone :<\/strong> int\u00e9gr\u00e9 (r\u00e9pondre aux appels)<\/li>\n<li><strong>Comprend :<\/strong> Ellie + c\u00e2ble USB-C<\/li>\n<\/ul>\n","protected":false},"excerpt":{"rendered":"<p>Lampe de bureau, haut-parleur Bluetooth et chargeur Qi tout en un. Bluetooth 5.1, lumi\u00e8re \u00e0 3 niveaux de gradation, microphone int\u00e9gr\u00e9, plastique 100% recycl\u00e9. C\u00e2ble USB-C inclus.  <\/p>\n","protected":false},"featured_media":117512,"comment_status":"open","ping_status":"closed","template":"","meta":{"_acf_changed":false},"product_brand":[3016],"product_cat":[1023,3257],"product_tag":[3359],"class_list":{"0":"post-118699","1":"product","2":"type-product","3":"status-publish","4":"has-post-thumbnail","6":"product_brand-kreafunk","7":"product_cat-haut-parleur","8":"product_cat-lampes-de-table","9":"product_tag-anniversaire","11":"first","12":"onbackorder","13":"taxable","14":"shipping-taxable","15":"purchasable","16":"product-type-simple"},"acf":[],"_links":{"self":[{"href":"https:\/\/one-horizon.ch\/fr\/wp-json\/wp\/v2\/product\/118699","targetHints":{"allow":["GET"]}}],"collection":[{"href":"https:\/\/one-horizon.ch\/fr\/wp-json\/wp\/v2\/product"}],"about":[{"href":"https:\/\/one-horizon.ch\/fr\/wp-json\/wp\/v2\/types\/product"}],"replies":[{"embeddable":true,"href":"https:\/\/one-horizon.ch\/fr\/wp-json\/wp\/v2\/comments?post=118699"}],"wp:featuredmedia":[{"embeddable":true,"href":"https:\/\/one-horizon.ch\/fr\/wp-json\/wp\/v2\/media\/117512"}],"wp:attachment":[{"href":"https:\/\/one-horizon.ch\/fr\/wp-json\/wp\/v2\/media?parent=118699"}],"wp:term":[{"taxonomy":"product_brand","embeddable":true,"href":"https:\/\/one-horizon.ch\/fr\/wp-json\/wp\/v2\/product_brand?post=118699"},{"taxonomy":"product_cat","embeddable":true,"href":"https:\/\/one-horizon.ch\/fr\/wp-json\/wp\/v2\/product_cat?post=118699"},{"taxonomy":"product_tag","embeddable":true,"href":"https:\/\/one-horizon.ch\/fr\/wp-json\/wp\/v2\/product_tag?post=118699"}],"curies":[{"name":"wp","href":"https:\/\/api.w.org\/{rel}","templated":true}]}}