{"id":118701,"date":"2026-05-02T01:20:15","date_gmt":"2026-05-01T23:20:15","guid":{"rendered":"https:\/\/one-horizon.ch\/product\/amajor-ensemble\/"},"modified":"2026-05-02T14:57:24","modified_gmt":"2026-05-02T12:57:24","slug":"amajor-ensemble","status":"publish","type":"product","link":"https:\/\/one-horizon.ch\/fr\/product\/amajor-ensemble\/","title":{"rendered":"Kreafunk aMajor Ensemble"},"content":{"rendered":"<p>L&#8217;aMAJOR Ensemble offre un son puissant \u00e0 360\u00b0, \u00e0 l&#8217;int\u00e9rieur comme \u00e0 l&#8217;ext\u00e9rieur. Avec 40 watts, il remplit chaque pi\u00e8ce de mani\u00e8re homog\u00e8ne &#8211; sans n\u00e9cessiter d&#8217;installation id\u00e9ale. Jusqu&#8217;\u00e0 30 heures d&#8217;autonomie, une fonction de charge sans fil et une r\u00e9sistance \u00e0 l&#8217;eau IPX5 en font le compagnon id\u00e9al pour la maison, la terrasse ou le jardin.  <\/p>\n<p>Le mode Broadcast permet de connecter plus de 100 haut-parleurs Kreafunk compatibles &#8211; pour un son homog\u00e8ne dans plusieurs pi\u00e8ces ou dans de grands espaces ext\u00e9rieurs. Deux appareils peuvent \u00e9galement \u00eatre coupl\u00e9s via Stereo Play (TWS) pour former une paire st\u00e9r\u00e9o. <\/p>\n<h2>D\u00e9tails techniques<\/h2>\n<ul>\n<li>Puissance de sortie : 40 W<\/li>\n<li>Son \u00e0 360<\/li>\n<li>Temps de jeu : jusqu&#8217;\u00e0 30 heures<\/li>\n<li>R\u00e9sistant \u00e0 l&#8217;eau IPX5<\/li>\n<li>Mode de diffusion (100+ haut-parleurs peuvent \u00eatre coupl\u00e9s)<\/li>\n<li>Lecture st\u00e9r\u00e9o (TWS)<\/li>\n<li>Fonction de charge sans fil (Qi)<\/li>\n<li>Bluetooth 5.3, port\u00e9e jusqu&#8217;\u00e0 10 m<\/li>\n<li>Dimensions : \u00d812,9 \u00d7 H17,6 cm<\/li>\n<li>Poids : 1,6 kg<\/li>\n<li>C\u00e2ble de charge USB-C inclus<\/li>\n<\/ul>\n","protected":false},"excerpt":{"rendered":"<p>Haut-parleur Bluetooth 40W avec son \u00e0 360\u00b0 et mode de diffusion pour 100+ haut-parleurs Kreafunk. Jusqu&#8217;\u00e0 30h de temps de lecture, charge sans fil et r\u00e9sistance \u00e0 l&#8217;eau IPX5 &#8211; pour l&#8217;int\u00e9rieur et l&#8217;ext\u00e9rieur. <\/p>\n","protected":false},"featured_media":117722,"comment_status":"open","ping_status":"closed","template":"","meta":{"_acf_changed":false},"product_brand":[3016],"product_cat":[1023],"product_tag":[],"class_list":{"0":"post-118701","1":"product","2":"type-product","3":"status-publish","4":"has-post-thumbnail","6":"product_brand-kreafunk","7":"product_cat-haut-parleur","9":"first","10":"onbackorder","11":"taxable","12":"shipping-taxable","13":"purchasable","14":"product-type-simple"},"acf":[],"_links":{"self":[{"href":"https:\/\/one-horizon.ch\/fr\/wp-json\/wp\/v2\/product\/118701","targetHints":{"allow":["GET"]}}],"collection":[{"href":"https:\/\/one-horizon.ch\/fr\/wp-json\/wp\/v2\/product"}],"about":[{"href":"https:\/\/one-horizon.ch\/fr\/wp-json\/wp\/v2\/types\/product"}],"replies":[{"embeddable":true,"href":"https:\/\/one-horizon.ch\/fr\/wp-json\/wp\/v2\/comments?post=118701"}],"wp:featuredmedia":[{"embeddable":true,"href":"https:\/\/one-horizon.ch\/fr\/wp-json\/wp\/v2\/media\/117722"}],"wp:attachment":[{"href":"https:\/\/one-horizon.ch\/fr\/wp-json\/wp\/v2\/media?parent=118701"}],"wp:term":[{"taxonomy":"product_brand","embeddable":true,"href":"https:\/\/one-horizon.ch\/fr\/wp-json\/wp\/v2\/product_brand?post=118701"},{"taxonomy":"product_cat","embeddable":true,"href":"https:\/\/one-horizon.ch\/fr\/wp-json\/wp\/v2\/product_cat?post=118701"},{"taxonomy":"product_tag","embeddable":true,"href":"https:\/\/one-horizon.ch\/fr\/wp-json\/wp\/v2\/product_tag?post=118701"}],"curies":[{"name":"wp","href":"https:\/\/api.w.org\/{rel}","templated":true}]}}