{"id":118702,"date":"2026-05-02T01:52:02","date_gmt":"2026-05-01T23:52:02","guid":{"rendered":"https:\/\/one-horizon.ch\/product\/kreafunk-wicharge-stone\/"},"modified":"2026-05-02T14:58:24","modified_gmt":"2026-05-02T12:58:24","slug":"kreafunk-wicharge-stone","status":"publish","type":"product","link":"https:\/\/one-horizon.ch\/fr\/product\/kreafunk-wicharge-stone\/","title":{"rendered":"wiCharge Stone"},"content":{"rendered":"<p>Le wiCharge Stone de Kreafunk associe la charge sans fil \u00e0 une esth\u00e9tique naturelle. Fabriqu\u00e9e en b\u00e9ton v\u00e9ritable et en fibres naturelles, chaque pi\u00e8ce est unique &#8211; avec une surface qui d\u00e9veloppe une patine unique avec le temps. Parfaitement combinable avec le haut-parleur aJazz Stone dans les m\u00eames couleurs.  <\/p>\n<ul>\n<li>Norme Qi (technologie de charge sans fil)<\/li>\n<li>Compatible avec tous les appareils compatibles Qi<\/li>\n<li>Puissance de sortie : 15 W<\/li>\n<li>Efficacit\u00e9 de la charge : \u2265 72<\/li>\n<li>Distance de chargement : \u2264 8 mm<\/li>\n<li>Puissance d&#8217;entr\u00e9e : DC 5 V \/ 1 A &#8211; 9 V \/ 2 A &#8211; 12 V \/ 1,5 A<\/li>\n<li>Une bande \u00e9lastique prot\u00e8ge l&#8217;appareil des rayures<\/li>\n<li>Mat\u00e9riau : b\u00e9ton et fibres naturelles<\/li>\n<li>Incl. C\u00e2ble USB-C vers C<\/li>\n<li>Dimensions : \u00d8 100 \u00d7 H 13,5 mm<\/li>\n<li>Poids : 140 g<\/li>\n<li>Remarque : sans alimentation &#8211; doit \u00eatre branch\u00e9<\/li>\n<\/ul>\n","protected":false},"excerpt":{"rendered":"<p>Kreafunk wiCharge Stone &#8211; chargeur sans fil 15W Qi en b\u00e9ton et fibres naturelles. Chaque pi\u00e8ce est unique, parfaite pour le aJazz Stone. <\/p>\n","protected":false},"featured_media":118051,"comment_status":"open","ping_status":"closed","template":"","meta":{"_acf_changed":false},"product_brand":[3016],"product_cat":[962,1317],"product_tag":[],"class_list":{"0":"post-118702","1":"product","2":"type-product","3":"status-publish","4":"has-post-thumbnail","6":"product_brand-kreafunk","7":"product_cat-accessoires-de-charge","8":"product_cat-recharge-sans-fil","10":"first","11":"onbackorder","12":"taxable","13":"shipping-taxable","14":"purchasable","15":"product-type-variable"},"acf":[],"_links":{"self":[{"href":"https:\/\/one-horizon.ch\/fr\/wp-json\/wp\/v2\/product\/118702","targetHints":{"allow":["GET"]}}],"collection":[{"href":"https:\/\/one-horizon.ch\/fr\/wp-json\/wp\/v2\/product"}],"about":[{"href":"https:\/\/one-horizon.ch\/fr\/wp-json\/wp\/v2\/types\/product"}],"replies":[{"embeddable":true,"href":"https:\/\/one-horizon.ch\/fr\/wp-json\/wp\/v2\/comments?post=118702"}],"wp:featuredmedia":[{"embeddable":true,"href":"https:\/\/one-horizon.ch\/fr\/wp-json\/wp\/v2\/media\/118051"}],"wp:attachment":[{"href":"https:\/\/one-horizon.ch\/fr\/wp-json\/wp\/v2\/media?parent=118702"}],"wp:term":[{"taxonomy":"product_brand","embeddable":true,"href":"https:\/\/one-horizon.ch\/fr\/wp-json\/wp\/v2\/product_brand?post=118702"},{"taxonomy":"product_cat","embeddable":true,"href":"https:\/\/one-horizon.ch\/fr\/wp-json\/wp\/v2\/product_cat?post=118702"},{"taxonomy":"product_tag","embeddable":true,"href":"https:\/\/one-horizon.ch\/fr\/wp-json\/wp\/v2\/product_tag?post=118702"}],"curies":[{"name":"wp","href":"https:\/\/api.w.org\/{rel}","templated":true}]}}