{"id":118718,"date":"2026-05-02T01:50:56","date_gmt":"2026-05-01T23:50:56","guid":{"rendered":"https:\/\/one-horizon.ch\/product\/kreafunk-wicharge-care-series-ii\/"},"modified":"2026-05-02T15:05:16","modified_gmt":"2026-05-02T13:05:16","slug":"kreafunk-wicharge-care-series-ii","status":"publish","type":"product","link":"https:\/\/one-horizon.ch\/fr\/product\/kreafunk-wicharge-care-series-ii\/","title":{"rendered":"wiCharge Care Series II"},"content":{"rendered":"<p>Le wiCharge Care Series II de Kreafunk est un chargeur Qi sans fil qui s&#8217;int\u00e8gre facilement dans votre vie quotidienne. Il suffit de le brancher, de poser l&#8217;appareil et le tour est jou\u00e9. Avec une puissance de sortie de 15 W, il charge rapidement et efficacement les appareils compatibles, id\u00e9al pour le bureau, la cuisine ou la table de nuit.  <\/p>\n<ul>\n<li>Norme Qi (technologie de charge sans fil)<\/li>\n<li>Compatible avec tous les appareils compatibles Qi<\/li>\n<li>Puissance de sortie : 15 W<\/li>\n<li>Rendement de la charge : \u2265 72<\/li>\n<li>Distance de chargement : \u2264 8 mm<\/li>\n<li>Puissance d&#8217;entr\u00e9e : DC 5 V \/ 1 A &#8211; 9 V \/ 1,8 A<\/li>\n<li>Incl. C\u00e2ble de recharge<\/li>\n<li>Dimensions : \u00d8 100 \u00d7 H 11 mm<\/li>\n<li>Poids : 100 g<\/li>\n<li>Remarque : livr\u00e9 sans alimentation &#8211; doit \u00eatre branch\u00e9<\/li>\n<\/ul>\n","protected":false},"excerpt":{"rendered":"<p>Kreafunk wiCharge Care Series II &#8211; chargeur Qi sans fil 15W pour le bureau, la cuisine ou la table de nuit. Il suffit de le brancher et de le charger. <\/p>\n","protected":false},"featured_media":118044,"comment_status":"open","ping_status":"closed","template":"","meta":{"_acf_changed":false},"product_brand":[3016],"product_cat":[962,1317],"product_tag":[],"class_list":{"0":"post-118718","1":"product","2":"type-product","3":"status-publish","4":"has-post-thumbnail","6":"product_brand-kreafunk","7":"product_cat-accessoires-de-charge","8":"product_cat-recharge-sans-fil","10":"first","11":"onbackorder","12":"taxable","13":"shipping-taxable","14":"purchasable","15":"product-type-simple"},"acf":[],"_links":{"self":[{"href":"https:\/\/one-horizon.ch\/fr\/wp-json\/wp\/v2\/product\/118718","targetHints":{"allow":["GET"]}}],"collection":[{"href":"https:\/\/one-horizon.ch\/fr\/wp-json\/wp\/v2\/product"}],"about":[{"href":"https:\/\/one-horizon.ch\/fr\/wp-json\/wp\/v2\/types\/product"}],"replies":[{"embeddable":true,"href":"https:\/\/one-horizon.ch\/fr\/wp-json\/wp\/v2\/comments?post=118718"}],"wp:featuredmedia":[{"embeddable":true,"href":"https:\/\/one-horizon.ch\/fr\/wp-json\/wp\/v2\/media\/118044"}],"wp:attachment":[{"href":"https:\/\/one-horizon.ch\/fr\/wp-json\/wp\/v2\/media?parent=118718"}],"wp:term":[{"taxonomy":"product_brand","embeddable":true,"href":"https:\/\/one-horizon.ch\/fr\/wp-json\/wp\/v2\/product_brand?post=118718"},{"taxonomy":"product_cat","embeddable":true,"href":"https:\/\/one-horizon.ch\/fr\/wp-json\/wp\/v2\/product_cat?post=118718"},{"taxonomy":"product_tag","embeddable":true,"href":"https:\/\/one-horizon.ch\/fr\/wp-json\/wp\/v2\/product_tag?post=118718"}],"curies":[{"name":"wp","href":"https:\/\/api.w.org\/{rel}","templated":true}]}}