{"id":118720,"date":"2026-05-02T01:50:14","date_gmt":"2026-05-01T23:50:14","guid":{"rendered":"https:\/\/one-horizon.ch\/product\/kreafunk-wicharge\/"},"modified":"2026-05-02T15:03:16","modified_gmt":"2026-05-02T13:03:16","slug":"kreafunk-wicharge","status":"publish","type":"product","link":"https:\/\/one-horizon.ch\/fr\/product\/kreafunk-wicharge\/","title":{"rendered":"wiCharge"},"content":{"rendered":"<p>Le wiCharge de Kreafunk rend votre vie sans fil. Le chargeur Qi est facile \u00e0 utiliser &#8211; posez l&#8217;appareil dessus, chargez, c&#8217;est tout. La surface douce avec des d\u00e9tails en cuir PU prot\u00e8ge votre smartphone contre les rayures et s&#8217;int\u00e8gre avec style dans n&#8217;importe quelle pi\u00e8ce.  <\/p>\n<ul>\n<li>Norme Qi (technologie de charge sans fil)<\/li>\n<li>Compatible avec tous les appareils compatibles Qi<\/li>\n<li>Surface douce avec d\u00e9tails en cuir PU<\/li>\n<li>Incl. C\u00e2ble de recharge USB vers USB-C<\/li>\n<li>Dimensions : \u00d8 100 \u00d7 H 11 mm<\/li>\n<\/ul>\n","protected":false},"excerpt":{"rendered":"<p>Kreafunk wiCharge &#8211; chargeur Qi sans fil avec surface en cuir PU souple. Chargez avec style sans vous encombrer de c\u00e2bles. <\/p>\n","protected":false},"featured_media":118034,"comment_status":"open","ping_status":"closed","template":"","meta":{"_acf_changed":false},"product_brand":[3016],"product_cat":[962,1317],"product_tag":[],"class_list":{"0":"post-118720","1":"product","2":"type-product","3":"status-publish","4":"has-post-thumbnail","6":"product_brand-kreafunk","7":"product_cat-accessoires-de-charge","8":"product_cat-recharge-sans-fil","10":"first","11":"onbackorder","12":"taxable","13":"shipping-taxable","14":"purchasable","15":"product-type-simple"},"acf":[],"_links":{"self":[{"href":"https:\/\/one-horizon.ch\/fr\/wp-json\/wp\/v2\/product\/118720","targetHints":{"allow":["GET"]}}],"collection":[{"href":"https:\/\/one-horizon.ch\/fr\/wp-json\/wp\/v2\/product"}],"about":[{"href":"https:\/\/one-horizon.ch\/fr\/wp-json\/wp\/v2\/types\/product"}],"replies":[{"embeddable":true,"href":"https:\/\/one-horizon.ch\/fr\/wp-json\/wp\/v2\/comments?post=118720"}],"wp:featuredmedia":[{"embeddable":true,"href":"https:\/\/one-horizon.ch\/fr\/wp-json\/wp\/v2\/media\/118034"}],"wp:attachment":[{"href":"https:\/\/one-horizon.ch\/fr\/wp-json\/wp\/v2\/media?parent=118720"}],"wp:term":[{"taxonomy":"product_brand","embeddable":true,"href":"https:\/\/one-horizon.ch\/fr\/wp-json\/wp\/v2\/product_brand?post=118720"},{"taxonomy":"product_cat","embeddable":true,"href":"https:\/\/one-horizon.ch\/fr\/wp-json\/wp\/v2\/product_cat?post=118720"},{"taxonomy":"product_tag","embeddable":true,"href":"https:\/\/one-horizon.ch\/fr\/wp-json\/wp\/v2\/product_tag?post=118720"}],"curies":[{"name":"wp","href":"https:\/\/api.w.org\/{rel}","templated":true}]}}