{"id":118722,"date":"2026-05-02T01:07:20","date_gmt":"2026-05-01T23:07:20","guid":{"rendered":"https:\/\/one-horizon.ch\/product\/asense\/"},"modified":"2026-05-02T14:44:43","modified_gmt":"2026-05-02T12:44:43","slug":"asense","status":"publish","type":"product","link":"https:\/\/one-horizon.ch\/fr\/product\/asense\/","title":{"rendered":"aSense"},"content":{"rendered":"<p>Les \u00e9couteurs aSense de Kreafunk vous permettent de vous immerger dans votre musique &#8211; et vous ram\u00e8nent quand vous le souhaitez. La r\u00e9duction active du bruit (ANC) bloque le bruit ambiant, le mode transparent ouvre \u00e0 nouveau la perception &#8211; sans retirer les \u00e9couteurs. <\/p>\n<h2>Son et contr\u00f4le<\/h2>\n<p><strong>Bluetooth 5.2<\/strong>, technologie MEMS et ENC garantissent des appels d&#8217;une nettet\u00e9 \u00e0 couper le souffle, m\u00eame dans les environnements bruyants. L&#8217;\u00e9tui de chargement prend en charge la charge Qi sans fil &#8211; jusqu&#8217;\u00e0 20 heures d&#8217;autonomie totale pour tenir toute la journ\u00e9e. <\/p>\n<ul>\n<li><strong>Pilote :<\/strong> \u00d8 10 mm, 32 \u03a9<\/li>\n<li><strong>Bluetooth :<\/strong> 5.2<\/li>\n<li><strong>Autonomie (ANC d\u00e9sactiv\u00e9) :<\/strong> jusqu&#8217;\u00e0 6 heures<\/li>\n<li><strong>Autonomie (ANC activ\u00e9) :<\/strong> jusqu&#8217;\u00e0 5 heures<\/li>\n<li><strong>Autonomie totale :<\/strong> jusqu&#8217;\u00e0 20 heures<\/li>\n<li><strong>Veille :<\/strong> jusqu&#8217;\u00e0 120 heures<\/li>\n<li><strong>Temps de charge :<\/strong> 1,5 heure (\u00e9couteurs + \u00e9tui)<\/li>\n<li><strong>Batterie de l&#8217;\u00e9tui :<\/strong> 450 mAh (Qi + USB-C)<\/li>\n<li><strong>Batterie de l&#8217;\u00e9couteur :<\/strong> 40 mAh<\/li>\n<li><strong>ANC<\/strong> (r\u00e9duction active du bruit) + <strong>ENC<\/strong> (r\u00e9duction du bruit ambiant)<\/li>\n<li><strong>Protection contre l&#8217;eau :<\/strong> IPX4<\/li>\n<li><strong>Dimensions :<\/strong> 62 \u00d7 54 \u00d7 27 mm | Poids : 48 g (\u00e9couteurs 4 g chacun)<\/li>\n<li><strong>Contenu de l&#8217;emballage :<\/strong> aSense + c\u00e2ble USB-C<\/li>\n<\/ul>\n","protected":false},"excerpt":{"rendered":"<p>Ecouteurs intra-auriculaires de Kreafunk avec r\u00e9duction active du bruit (ANC), Bluetooth 5.2 et protection IPX4. Jusqu&#8217;\u00e0 20 heures d&#8217;autonomie totale, \u00e9tui de chargement Qi, appels t\u00e9l\u00e9phoniques clairs gr\u00e2ce \u00e0 la technologie ENC. C\u00e2ble USB-C inclus.  <\/p>\n","protected":false},"featured_media":117596,"comment_status":"open","ping_status":"closed","template":"","meta":{"_acf_changed":false},"product_brand":[3016],"product_cat":[3401],"product_tag":[],"class_list":{"0":"post-118722","1":"product","2":"type-product","3":"status-publish","4":"has-post-thumbnail","6":"product_brand-kreafunk","7":"product_cat-ecouteurs-intra-auriculaires","9":"first","10":"onbackorder","11":"taxable","12":"shipping-taxable","13":"purchasable","14":"product-type-variable"},"acf":[],"_links":{"self":[{"href":"https:\/\/one-horizon.ch\/fr\/wp-json\/wp\/v2\/product\/118722","targetHints":{"allow":["GET"]}}],"collection":[{"href":"https:\/\/one-horizon.ch\/fr\/wp-json\/wp\/v2\/product"}],"about":[{"href":"https:\/\/one-horizon.ch\/fr\/wp-json\/wp\/v2\/types\/product"}],"replies":[{"embeddable":true,"href":"https:\/\/one-horizon.ch\/fr\/wp-json\/wp\/v2\/comments?post=118722"}],"wp:featuredmedia":[{"embeddable":true,"href":"https:\/\/one-horizon.ch\/fr\/wp-json\/wp\/v2\/media\/117596"}],"wp:attachment":[{"href":"https:\/\/one-horizon.ch\/fr\/wp-json\/wp\/v2\/media?parent=118722"}],"wp:term":[{"taxonomy":"product_brand","embeddable":true,"href":"https:\/\/one-horizon.ch\/fr\/wp-json\/wp\/v2\/product_brand?post=118722"},{"taxonomy":"product_cat","embeddable":true,"href":"https:\/\/one-horizon.ch\/fr\/wp-json\/wp\/v2\/product_cat?post=118722"},{"taxonomy":"product_tag","embeddable":true,"href":"https:\/\/one-horizon.ch\/fr\/wp-json\/wp\/v2\/product_tag?post=118722"}],"curies":[{"name":"wp","href":"https:\/\/api.w.org\/{rel}","templated":true}]}}