{"id":118723,"date":"2026-05-02T01:46:13","date_gmt":"2026-05-01T23:46:13","guid":{"rendered":"https:\/\/one-horizon.ch\/product\/kreafunk-ajazz\/"},"modified":"2026-05-02T01:46:13","modified_gmt":"2026-05-01T23:46:13","slug":"kreafunk-ajazz","status":"publish","type":"product","link":"https:\/\/one-horizon.ch\/fr\/product\/kreafunk-ajazz\/","title":{"rendered":"aJazz"},"content":{"rendered":"<p>L&#8217;aJazz de Kreafunk est un haut-parleur Bluetooth compact avec un son \u00e9tonnamment puissant. Que ce soit pour la musique, les podcasts ou les films &#8211; avec 15 heures d&#8217;autonomie et Bluetooth 5.0, vous \u00eates flexible et sans fil. Gr\u00e2ce \u00e0 la certification IP55, il est prot\u00e9g\u00e9 contre la poussi\u00e8re et les \u00e9claboussures, id\u00e9al pour l&#8217;int\u00e9rieur comme pour l&#8217;ext\u00e9rieur.  <\/p>\n<ul>\n<li>15 heures d&#8217;autonomie \u00e0 50 % de volume<\/li>\n<li>Bluetooth 5.0<\/li>\n<li>Microphone int\u00e9gr\u00e9 pour les appels mains libres<\/li>\n<li>R\u00e9sistant \u00e0 la poussi\u00e8re et aux \u00e9claboussures (IP55)<\/li>\n<li>Entr\u00e9e de charge USB-C<\/li>\n<li>Amplificateur num\u00e9rique 6 W<\/li>\n<li>Possibilit\u00e9 de couplage st\u00e9r\u00e9o avec un deuxi\u00e8me aJazz<\/li>\n<li>Bouton multifonctionnel facile \u00e0 utiliser<\/li>\n<li>Dimensions : \u00d8 100 \u00d7 H 112 mm<\/li>\n<li>Poids : 400 g<\/li>\n<\/ul>\n","protected":false},"excerpt":{"rendered":"<p>Haut-parleur Bluetooth Kreafunk compact avec batterie de 15h, protection IP55 et microphone int\u00e9gr\u00e9 &#8211; \u00e9l\u00e9gant et avec un son puissant.<\/p>\n","protected":false},"featured_media":117989,"comment_status":"open","ping_status":"closed","template":"","meta":{"_acf_changed":false},"product_brand":[],"product_cat":[1023],"product_tag":[],"class_list":{"0":"post-118723","1":"product","2":"type-product","3":"status-publish","4":"has-post-thumbnail","6":"product_cat-haut-parleur","8":"first","9":"onbackorder","10":"taxable","11":"shipping-taxable","12":"purchasable","13":"product-type-simple"},"acf":[],"_links":{"self":[{"href":"https:\/\/one-horizon.ch\/fr\/wp-json\/wp\/v2\/product\/118723","targetHints":{"allow":["GET"]}}],"collection":[{"href":"https:\/\/one-horizon.ch\/fr\/wp-json\/wp\/v2\/product"}],"about":[{"href":"https:\/\/one-horizon.ch\/fr\/wp-json\/wp\/v2\/types\/product"}],"replies":[{"embeddable":true,"href":"https:\/\/one-horizon.ch\/fr\/wp-json\/wp\/v2\/comments?post=118723"}],"wp:featuredmedia":[{"embeddable":true,"href":"https:\/\/one-horizon.ch\/fr\/wp-json\/wp\/v2\/media\/117989"}],"wp:attachment":[{"href":"https:\/\/one-horizon.ch\/fr\/wp-json\/wp\/v2\/media?parent=118723"}],"wp:term":[{"taxonomy":"product_brand","embeddable":true,"href":"https:\/\/one-horizon.ch\/fr\/wp-json\/wp\/v2\/product_brand?post=118723"},{"taxonomy":"product_cat","embeddable":true,"href":"https:\/\/one-horizon.ch\/fr\/wp-json\/wp\/v2\/product_cat?post=118723"},{"taxonomy":"product_tag","embeddable":true,"href":"https:\/\/one-horizon.ch\/fr\/wp-json\/wp\/v2\/product_tag?post=118723"}],"curies":[{"name":"wp","href":"https:\/\/api.w.org\/{rel}","templated":true}]}}