{"id":118747,"date":"2026-05-02T01:40:29","date_gmt":"2026-05-01T23:40:29","guid":{"rendered":"https:\/\/one-horizon.ch\/product\/ago-mini\/"},"modified":"2026-05-02T14:55:42","modified_gmt":"2026-05-02T12:55:42","slug":"ago-mini","status":"publish","type":"product","link":"https:\/\/one-horizon.ch\/fr\/product\/ago-mini\/","title":{"rendered":"Kreafunk aGo Mini"},"content":{"rendered":"<p>L&#8217;aGo Mini est le plus petit de la famille Kreafunk &#8211; et pourtant il y a beaucoup de son dans ce haut-parleur compact. Il suffit de le glisser dans votre poche pour profiter de la musique partout. <\/p>\n<p>La fonction Stereo Play (TWS) permet de coupler deux aGo Mini. Et malgr\u00e9 sa taille minuscule, il surprend par sa protection IPX3 et sa dur\u00e9e de lecture pouvant atteindre 12 heures. <\/p>\n<h2>D\u00e9tails techniques<\/h2>\n<ul>\n<li>Dimensions : \u00d850 \u00d7 H33 mm<\/li>\n<li>Poids : 70 g<\/li>\n<li>Haut-parleur : \u00d836 mm, 4 \u03a9, 3 W<\/li>\n<li>Temps de jeu : jusqu&#8217;\u00e0 12 heures<\/li>\n<li>Temps de charge : 1-2 h (USB)<\/li>\n<li>Bluetooth 5.0, port\u00e9e jusqu&#8217;\u00e0 10 m<\/li>\n<li>R\u00e9sistant \u00e0 l&#8217;eau IPX3<\/li>\n<li>Batterie : 3,7 V \/ 300 mAh<\/li>\n<li>Lecture st\u00e9r\u00e9o (TWS)<\/li>\n<li>C\u00e2ble de recharge inclus<\/li>\n<\/ul>\n","protected":false},"excerpt":{"rendered":"<p>Le plus petit haut-parleur Kreafunk &#8211; 3W, Bluetooth 5.0, jusqu&#8217;\u00e0 12h d&#8217;autonomie, IPX3 et lecture st\u00e9r\u00e9o. Assez petit pour tenir dans votre poche. <\/p>\n","protected":false},"featured_media":117909,"comment_status":"open","ping_status":"closed","template":"","meta":{"_acf_changed":false},"product_brand":[3016],"product_cat":[1023],"product_tag":[],"class_list":{"0":"post-118747","1":"product","2":"type-product","3":"status-publish","4":"has-post-thumbnail","6":"product_brand-kreafunk","7":"product_cat-haut-parleur","9":"first","10":"onbackorder","11":"taxable","12":"shipping-taxable","13":"purchasable","14":"product-type-variable"},"acf":[],"_links":{"self":[{"href":"https:\/\/one-horizon.ch\/fr\/wp-json\/wp\/v2\/product\/118747","targetHints":{"allow":["GET"]}}],"collection":[{"href":"https:\/\/one-horizon.ch\/fr\/wp-json\/wp\/v2\/product"}],"about":[{"href":"https:\/\/one-horizon.ch\/fr\/wp-json\/wp\/v2\/types\/product"}],"replies":[{"embeddable":true,"href":"https:\/\/one-horizon.ch\/fr\/wp-json\/wp\/v2\/comments?post=118747"}],"wp:featuredmedia":[{"embeddable":true,"href":"https:\/\/one-horizon.ch\/fr\/wp-json\/wp\/v2\/media\/117909"}],"wp:attachment":[{"href":"https:\/\/one-horizon.ch\/fr\/wp-json\/wp\/v2\/media?parent=118747"}],"wp:term":[{"taxonomy":"product_brand","embeddable":true,"href":"https:\/\/one-horizon.ch\/fr\/wp-json\/wp\/v2\/product_brand?post=118747"},{"taxonomy":"product_cat","embeddable":true,"href":"https:\/\/one-horizon.ch\/fr\/wp-json\/wp\/v2\/product_cat?post=118747"},{"taxonomy":"product_tag","embeddable":true,"href":"https:\/\/one-horizon.ch\/fr\/wp-json\/wp\/v2\/product_tag?post=118747"}],"curies":[{"name":"wp","href":"https:\/\/api.w.org\/{rel}","templated":true}]}}