{"id":118778,"date":"2026-05-02T13:59:48","date_gmt":"2026-05-02T11:59:48","guid":{"rendered":"https:\/\/one-horizon.ch\/product\/notabag-crossbody-light\/"},"modified":"2026-05-02T13:59:48","modified_gmt":"2026-05-02T11:59:48","slug":"notabag-crossbody-light","status":"publish","type":"product","link":"https:\/\/one-horizon.ch\/fr\/product\/notabag-crossbody-light\/","title":{"rendered":"Crossbody Light"},"content":{"rendered":"<p>Le Notabag Crossbody Light est un sac polyvalent dans un format compact &#8211; port\u00e9 en bandouli\u00e8re, \u00e0 l&#8217;\u00e9paule, \u00e0 la main ou autour du sac. Si vous avez besoin de plus d&#8217;espace, vous pouvez le d\u00e9plier jusqu&#8217;\u00e0 la taille d&#8217;une tablette. Sa bandouli\u00e8re amovible et r\u00e9glable lui permet de s&#8217;adapter \u00e0 toutes les situations.  <\/p>\n<h2>Petit mais puissant<\/h2>\n<p>Le Crossbody Light de Notabag est imperm\u00e9able, lavable en machine et fabriqu\u00e9 \u00e0 partir de mat\u00e9riaux recycl\u00e9s &#8211; produits dans de petites entreprises familiales. Ses designs exclusifs en font un compagnon styl\u00e9 pour la vie quotidienne, les voyages et les sorties. <\/p>\n<h2>Points forts<\/h2>\n<ul>\n<li>Quatre modes de transport : bandouli\u00e8re, \u00e9paule, main ou sac \u00e0 main<\/li>\n<li>Pliable \u00e0 la taille d&#8217;une tablette pour plus d&#8217;espace de rangement<\/li>\n<li>Sangle amovible et r\u00e9glable<\/li>\n<li>Hydrophobe et lavable en machine<\/li>\n<li>Fabriqu\u00e9 \u00e0 partir de mat\u00e9riaux recycl\u00e9s, dans des entreprises familiales<\/li>\n<\/ul>\n","protected":false},"excerpt":{"rendered":"<p>Le Notabag Crossbody Light est un sac compact qui peut \u00eatre port\u00e9 de quatre mani\u00e8res diff\u00e9rentes &#8211; en bandouli\u00e8re, \u00e0 l&#8217;\u00e9paule, \u00e0 la main ou autour du cou. R\u00e9sistant \u00e0 l&#8217;eau, lavable en machine et pliable \u00e0 la taille d&#8217;une tablette. <\/p>\n","protected":false},"featured_media":118397,"comment_status":"open","ping_status":"closed","template":"","meta":{"_acf_changed":false},"product_brand":[3028],"product_cat":[1321],"product_tag":[3371],"class_list":{"0":"post-118778","1":"product","2":"type-product","3":"status-publish","4":"has-post-thumbnail","6":"product_brand-notabag","7":"product_cat-sacs-ventraux","8":"product_tag-recycle","10":"first","11":"onbackorder","12":"taxable","13":"shipping-taxable","14":"purchasable","15":"product-type-variable"},"acf":[],"_links":{"self":[{"href":"https:\/\/one-horizon.ch\/fr\/wp-json\/wp\/v2\/product\/118778","targetHints":{"allow":["GET"]}}],"collection":[{"href":"https:\/\/one-horizon.ch\/fr\/wp-json\/wp\/v2\/product"}],"about":[{"href":"https:\/\/one-horizon.ch\/fr\/wp-json\/wp\/v2\/types\/product"}],"replies":[{"embeddable":true,"href":"https:\/\/one-horizon.ch\/fr\/wp-json\/wp\/v2\/comments?post=118778"}],"wp:featuredmedia":[{"embeddable":true,"href":"https:\/\/one-horizon.ch\/fr\/wp-json\/wp\/v2\/media\/118397"}],"wp:attachment":[{"href":"https:\/\/one-horizon.ch\/fr\/wp-json\/wp\/v2\/media?parent=118778"}],"wp:term":[{"taxonomy":"product_brand","embeddable":true,"href":"https:\/\/one-horizon.ch\/fr\/wp-json\/wp\/v2\/product_brand?post=118778"},{"taxonomy":"product_cat","embeddable":true,"href":"https:\/\/one-horizon.ch\/fr\/wp-json\/wp\/v2\/product_cat?post=118778"},{"taxonomy":"product_tag","embeddable":true,"href":"https:\/\/one-horizon.ch\/fr\/wp-json\/wp\/v2\/product_tag?post=118778"}],"curies":[{"name":"wp","href":"https:\/\/api.w.org\/{rel}","templated":true}]}}