{"id":118779,"date":"2026-05-02T01:05:10","date_gmt":"2026-05-01T23:05:10","guid":{"rendered":"https:\/\/one-horizon.ch\/product\/beam-kreafunk\/"},"modified":"2026-05-02T15:11:04","modified_gmt":"2026-05-02T13:11:04","slug":"beam-kreafunk","status":"publish","type":"product","link":"https:\/\/one-horizon.ch\/fr\/product\/beam-kreafunk\/","title":{"rendered":"Beam"},"content":{"rendered":"<p>Beam est une lampe de table sans fil qui est aussi facile \u00e0 emporter qu&#8217;\u00e0 installer. Gr\u00e2ce \u00e0 son socle amovible, son capteur tactile et ses trois niveaux d&#8217;\u00e9clairage r\u00e9glables, elle s&#8217;adapte \u00e0 toutes les ambiances &#8211; sans fil, sans compromis. <\/p>\n<h2>Une lumi\u00e8re qui vous accompagne<\/h2>\n<p>Avec <strong>une protection contre l&#8217;eau IPX4<\/strong>, Beam est \u00e9galement \u00e0 l&#8217;aise sur le balcon ou dans le jardin. Jusqu&#8217;\u00e0 30 heures d&#8217;autonomie apr\u00e8s un temps de charge de 1 \u00e0 2 heures &#8211; le tout en plastique 100% recycl\u00e9. <\/p>\n<ul>\n<li><strong>Mat\u00e9riau :<\/strong> 100% plastique recycl\u00e9<\/li>\n<li><strong>Protection contre l&#8217;eau :<\/strong> IPX4<\/li>\n<li><strong>Lumi\u00e8re :<\/strong> dimmable (3 niveaux)<\/li>\n<li><strong>Utilisation :<\/strong> capteur tactile<\/li>\n<li><strong>Autonomie :<\/strong> jusqu&#8217;\u00e0 30 heures<\/li>\n<li><strong>Temps de charge :<\/strong> 1-2 heures<\/li>\n<li><strong>Socle :<\/strong> amovible, pivotant<\/li>\n<li><strong>Comprend :<\/strong> Beam + socle + c\u00e2ble USB-C<\/li>\n<\/ul>\n","protected":false},"excerpt":{"rendered":"<p>Lampe de table sans fil de Kreafunk avec lumi\u00e8re variable, capteur tactile et protection contre l&#8217;eau IPX4. Pivote dans le socle fourni, jusqu&#8217;\u00e0 30 heures d&#8217;utilisation. Plastique 100% recycl\u00e9, c\u00e2ble USB-C inclus. Id\u00e9al pour l&#8217;int\u00e9rieur et l&#8217;ext\u00e9rieur.   <\/p>\n","protected":false},"featured_media":117563,"comment_status":"open","ping_status":"closed","template":"","meta":{"_acf_changed":false},"product_brand":[3016],"product_cat":[3257],"product_tag":[],"class_list":{"0":"post-118779","1":"product","2":"type-product","3":"status-publish","4":"has-post-thumbnail","6":"product_brand-kreafunk","7":"product_cat-lampes-de-table","9":"first","10":"onbackorder","11":"taxable","12":"shipping-taxable","13":"purchasable","14":"product-type-variable"},"acf":[],"_links":{"self":[{"href":"https:\/\/one-horizon.ch\/fr\/wp-json\/wp\/v2\/product\/118779","targetHints":{"allow":["GET"]}}],"collection":[{"href":"https:\/\/one-horizon.ch\/fr\/wp-json\/wp\/v2\/product"}],"about":[{"href":"https:\/\/one-horizon.ch\/fr\/wp-json\/wp\/v2\/types\/product"}],"replies":[{"embeddable":true,"href":"https:\/\/one-horizon.ch\/fr\/wp-json\/wp\/v2\/comments?post=118779"}],"wp:featuredmedia":[{"embeddable":true,"href":"https:\/\/one-horizon.ch\/fr\/wp-json\/wp\/v2\/media\/117563"}],"wp:attachment":[{"href":"https:\/\/one-horizon.ch\/fr\/wp-json\/wp\/v2\/media?parent=118779"}],"wp:term":[{"taxonomy":"product_brand","embeddable":true,"href":"https:\/\/one-horizon.ch\/fr\/wp-json\/wp\/v2\/product_brand?post=118779"},{"taxonomy":"product_cat","embeddable":true,"href":"https:\/\/one-horizon.ch\/fr\/wp-json\/wp\/v2\/product_cat?post=118779"},{"taxonomy":"product_tag","embeddable":true,"href":"https:\/\/one-horizon.ch\/fr\/wp-json\/wp\/v2\/product_tag?post=118779"}],"curies":[{"name":"wp","href":"https:\/\/api.w.org\/{rel}","templated":true}]}}