{"id":118798,"date":"2026-05-02T14:03:27","date_gmt":"2026-05-02T12:03:27","guid":{"rendered":"https:\/\/one-horizon.ch\/product\/notabag-badetuch\/"},"modified":"2026-05-02T14:03:27","modified_gmt":"2026-05-02T12:03:27","slug":"notabag-badetuch","status":"publish","type":"product","link":"https:\/\/one-horizon.ch\/fr\/product\/notabag-badetuch\/","title":{"rendered":"Serviette de bain ultral\u00e9g\u00e8re Special Edition"},"content":{"rendered":"<p>La serviette de bain ultral\u00e9g\u00e8re Notabag s\u00e8che trois fois plus vite que les serviettes traditionnelles &#8211; votre compagnon id\u00e9al pour la plage, la salle de sport et les sorties du week-end. Elle est douce, compacte et se range facilement dans le sac fourni. <\/p>\n<h2>Rapidement sec, toujours \u00e0 port\u00e9e de main<\/h2>\n<p>Cette serviette r\u00e9versible pr\u00e9sente d&#8217;un c\u00f4t\u00e9 le motif exclusif de l&#8217;\u00e9dition sp\u00e9ciale et de l&#8217;autre une couleur unie assortie. Fabriqu\u00e9e en polyester ripstop 100 % recycl\u00e9, elle est l\u00e9g\u00e8re, durable et respectueuse de l&#8217;environnement. <\/p>\n<h2>Points forts<\/h2>\n<ul>\n<li>S\u00e8che 3\u00d7 plus vite que les serviettes traditionnelles<\/li>\n<li>Design r\u00e9versible : c\u00f4t\u00e9 \u00e9chantillon et c\u00f4t\u00e9 uni<\/li>\n<li>Sac de rangement zipp\u00e9 inclus<\/li>\n<li>100 % polyester ripstop recycl\u00e9<\/li>\n<li>Lavable en machine<\/li>\n<li>Id\u00e9al pour la plage, la gym et les voyages<\/li>\n<\/ul>\n","protected":false},"excerpt":{"rendered":"<p>La serviette de bain ultral\u00e9g\u00e8re Notabag s\u00e8che trois fois plus vite que les serviettes traditionnelles et est fabriqu\u00e9e en polyester ripstop 100 % recycl\u00e9. Avec un design r\u00e9versible, elle est lavable en machine et comprend un sac de rangement. <\/p>\n","protected":false},"featured_media":118502,"comment_status":"open","ping_status":"closed","template":"","meta":{"_acf_changed":false},"product_brand":[3028],"product_cat":[3357,3229],"product_tag":[3371],"class_list":{"0":"post-118798","1":"product","2":"type-product","3":"status-publish","4":"has-post-thumbnail","6":"product_brand-notabag","7":"product_cat-plein-air-camping","8":"product_cat-textiles-de-salle-de-bain-et-de-cuisine","9":"product_tag-recycle","11":"first","12":"onbackorder","13":"taxable","14":"shipping-taxable","15":"purchasable","16":"product-type-variable"},"acf":[],"_links":{"self":[{"href":"https:\/\/one-horizon.ch\/fr\/wp-json\/wp\/v2\/product\/118798","targetHints":{"allow":["GET"]}}],"collection":[{"href":"https:\/\/one-horizon.ch\/fr\/wp-json\/wp\/v2\/product"}],"about":[{"href":"https:\/\/one-horizon.ch\/fr\/wp-json\/wp\/v2\/types\/product"}],"replies":[{"embeddable":true,"href":"https:\/\/one-horizon.ch\/fr\/wp-json\/wp\/v2\/comments?post=118798"}],"wp:featuredmedia":[{"embeddable":true,"href":"https:\/\/one-horizon.ch\/fr\/wp-json\/wp\/v2\/media\/118502"}],"wp:attachment":[{"href":"https:\/\/one-horizon.ch\/fr\/wp-json\/wp\/v2\/media?parent=118798"}],"wp:term":[{"taxonomy":"product_brand","embeddable":true,"href":"https:\/\/one-horizon.ch\/fr\/wp-json\/wp\/v2\/product_brand?post=118798"},{"taxonomy":"product_cat","embeddable":true,"href":"https:\/\/one-horizon.ch\/fr\/wp-json\/wp\/v2\/product_cat?post=118798"},{"taxonomy":"product_tag","embeddable":true,"href":"https:\/\/one-horizon.ch\/fr\/wp-json\/wp\/v2\/product_tag?post=118798"}],"curies":[{"name":"wp","href":"https:\/\/api.w.org\/{rel}","templated":true}]}}