{"id":118803,"date":"2026-05-02T13:57:06","date_gmt":"2026-05-02T11:57:06","guid":{"rendered":"https:\/\/one-horizon.ch\/product\/notabag-shopper-special-edition\/"},"modified":"2026-05-02T13:57:06","modified_gmt":"2026-05-02T11:57:06","slug":"notabag-shopper-special-edition","status":"publish","type":"product","link":"https:\/\/one-horizon.ch\/fr\/product\/notabag-shopper-special-edition\/","title":{"rendered":"Shopper \u00e9dition sp\u00e9ciale"},"content":{"rendered":"<p>Le Notabag Shopper Special Edition est un sac \u00e0 provisions pliable pour le quotidien. Compact, l\u00e9ger et imperm\u00e9able, il vous accompagne dans vos courses, vos d\u00e9placements et vos voyages. Lorsque vous ne l&#8217;utilisez pas, il se replie dans sa propre poche int\u00e9rieure et se glisse dans n&#8217;importe quel sac \u00e0 main ou sac \u00e0 dos.  <\/p>\n<h2>Durable et expressif<\/h2>\n<p>Le Notabag Shopper allie durabilit\u00e9 et design \u00e9l\u00e9gant. Les motifs exclusifs de la Special Edition en font un v\u00e9ritable accessoire &#8211; \u00e0 la fois fonctionnel et expressif. <\/p>\n<h2>Points forts<\/h2>\n<ul>\n<li>Pliable et compact, il se range dans son propre sac int\u00e9rieur<\/li>\n<li>Hydrophobe et lavable en machine<\/li>\n<li>Poche int\u00e9rieure pour le porte-monnaie et les cl\u00e9s<\/li>\n<li>R\u00e9utilisable, durable et respectueux de l&#8217;environnement<\/li>\n<li>Design exclusif en \u00e9dition sp\u00e9ciale<\/li>\n<\/ul>\n","protected":false},"excerpt":{"rendered":"<p>Le Notabag Shopper Special Edition est un sac \u00e0 provisions pliable et imperm\u00e9able fabriqu\u00e9 \u00e0 partir de mat\u00e9riaux recycl\u00e9s. Avec une poche int\u00e9rieure pour le porte-monnaie et les cl\u00e9s, il est lavable en machine et se range de mani\u00e8re compacte dans son sac. <\/p>\n","protected":false},"featured_media":118326,"comment_status":"open","ping_status":"closed","template":"","meta":{"_acf_changed":false},"product_brand":[3028],"product_cat":[1298],"product_tag":[3371],"class_list":{"0":"post-118803","1":"product","2":"type-product","3":"status-publish","4":"has-post-thumbnail","6":"product_brand-notabag","7":"product_cat-sacs-a-provisions","8":"product_tag-recycle","10":"first","11":"onbackorder","12":"taxable","13":"shipping-taxable","14":"purchasable","15":"product-type-variable"},"acf":[],"_links":{"self":[{"href":"https:\/\/one-horizon.ch\/fr\/wp-json\/wp\/v2\/product\/118803","targetHints":{"allow":["GET"]}}],"collection":[{"href":"https:\/\/one-horizon.ch\/fr\/wp-json\/wp\/v2\/product"}],"about":[{"href":"https:\/\/one-horizon.ch\/fr\/wp-json\/wp\/v2\/types\/product"}],"replies":[{"embeddable":true,"href":"https:\/\/one-horizon.ch\/fr\/wp-json\/wp\/v2\/comments?post=118803"}],"wp:featuredmedia":[{"embeddable":true,"href":"https:\/\/one-horizon.ch\/fr\/wp-json\/wp\/v2\/media\/118326"}],"wp:attachment":[{"href":"https:\/\/one-horizon.ch\/fr\/wp-json\/wp\/v2\/media?parent=118803"}],"wp:term":[{"taxonomy":"product_brand","embeddable":true,"href":"https:\/\/one-horizon.ch\/fr\/wp-json\/wp\/v2\/product_brand?post=118803"},{"taxonomy":"product_cat","embeddable":true,"href":"https:\/\/one-horizon.ch\/fr\/wp-json\/wp\/v2\/product_cat?post=118803"},{"taxonomy":"product_tag","embeddable":true,"href":"https:\/\/one-horizon.ch\/fr\/wp-json\/wp\/v2\/product_tag?post=118803"}],"curies":[{"name":"wp","href":"https:\/\/api.w.org\/{rel}","templated":true}]}}