{"id":118850,"date":"2026-05-02T13:44:56","date_gmt":"2026-05-02T11:44:56","guid":{"rendered":"https:\/\/one-horizon.ch\/product\/strandtuch-cabana\/"},"modified":"2026-05-02T13:44:56","modified_gmt":"2026-05-02T11:44:56","slug":"strandtuch-cabana","status":"publish","type":"product","link":"https:\/\/one-horizon.ch\/fr\/product\/strandtuch-cabana\/","title":{"rendered":"Serviette de plage CABANA"},"content":{"rendered":"<p>Le drap de plage CABANA de Dock &amp; Bay apporte le look r\u00e9tro classique \u00e0 rayures \u00e0 la plage &#8211; en dix couleurs vives et en mat\u00e9riau microfibre 100 % recycl\u00e9. Il s\u00e8che jusqu&#8217;\u00e0 dix fois plus vite que les draps en coton traditionnels tout en restant agr\u00e9ablement compact. <\/p>\n<h2>Ce qui caract\u00e9rise le drap de plage CABANA<\/h2>\n<ul>\n<li><strong>S\u00e9chage rapide<\/strong> &#8211; jusqu&#8217;\u00e0 10\u00d7 plus rapide que le coton<\/li>\n<li><strong>R\u00e9sistant au sable<\/strong> &#8211; le sable se secoue facilement<\/li>\n<li><strong>Compact et l\u00e9ger<\/strong> &#8211; se range dans un sac \u00e0 dos une fois enroul\u00e9<\/li>\n<li><strong>Durable<\/strong> &#8211; fabriqu\u00e9 \u00e0 partir de bouteilles en PET recycl\u00e9es<\/li>\n<li><strong>Pratique<\/strong> &#8211; livr\u00e9 avec crochet de suspension et dans un sac en tissu<\/li>\n<\/ul>\n<h2>Tailles<\/h2>\n<ul>\n<li><strong>Taille L :<\/strong> 160 \u00d7 90 cm<\/li>\n<li><strong>Taille XL :<\/strong> 200 \u00d7 90 cm<\/li>\n<\/ul>\n<p>Le motif classique \u00e0 rayures CABANA fait de ce foulard un v\u00e9ritable accroche-regard, que ce soit \u00e0 la plage, \u00e0 la piscine ou comme serviette styl\u00e9e \u00e0 la maison.<\/p>\n","protected":false},"excerpt":{"rendered":"<p>Serviette de plage au design classique \u00e0 rayures CABANA, fabriqu\u00e9e en microfibre 100% recycl\u00e9e. S\u00e9chage rapide, r\u00e9sistance au sable et compacit\u00e9 &#8211; avec crochet et sac en tissu. Disponible en taille L (160 \u00d7 90 cm) et XL (200 \u00d7 90 cm) en 10 couleurs.  <\/p>\n","protected":false},"featured_media":118070,"comment_status":"open","ping_status":"closed","template":"","meta":{"_acf_changed":false},"product_brand":[2997],"product_cat":[3357,3229],"product_tag":[3371],"class_list":{"0":"post-118850","1":"product","2":"type-product","3":"status-publish","4":"has-post-thumbnail","6":"product_brand-dock-and-bay","7":"product_cat-plein-air-camping","8":"product_cat-textiles-de-salle-de-bain-et-de-cuisine","9":"product_tag-recycle","11":"first","12":"onbackorder","13":"taxable","14":"shipping-taxable","15":"purchasable","16":"product-type-variable"},"acf":[],"_links":{"self":[{"href":"https:\/\/one-horizon.ch\/fr\/wp-json\/wp\/v2\/product\/118850","targetHints":{"allow":["GET"]}}],"collection":[{"href":"https:\/\/one-horizon.ch\/fr\/wp-json\/wp\/v2\/product"}],"about":[{"href":"https:\/\/one-horizon.ch\/fr\/wp-json\/wp\/v2\/types\/product"}],"replies":[{"embeddable":true,"href":"https:\/\/one-horizon.ch\/fr\/wp-json\/wp\/v2\/comments?post=118850"}],"wp:featuredmedia":[{"embeddable":true,"href":"https:\/\/one-horizon.ch\/fr\/wp-json\/wp\/v2\/media\/118070"}],"wp:attachment":[{"href":"https:\/\/one-horizon.ch\/fr\/wp-json\/wp\/v2\/media?parent=118850"}],"wp:term":[{"taxonomy":"product_brand","embeddable":true,"href":"https:\/\/one-horizon.ch\/fr\/wp-json\/wp\/v2\/product_brand?post=118850"},{"taxonomy":"product_cat","embeddable":true,"href":"https:\/\/one-horizon.ch\/fr\/wp-json\/wp\/v2\/product_cat?post=118850"},{"taxonomy":"product_tag","embeddable":true,"href":"https:\/\/one-horizon.ch\/fr\/wp-json\/wp\/v2\/product_tag?post=118850"}],"curies":[{"name":"wp","href":"https:\/\/api.w.org\/{rel}","templated":true}]}}