{"id":118909,"date":"2026-05-02T13:47:55","date_gmt":"2026-05-02T11:47:55","guid":{"rendered":"https:\/\/one-horizon.ch\/product\/strandtuch-des-xl\/"},"modified":"2026-05-02T13:47:55","modified_gmt":"2026-05-02T11:47:55","slug":"strandtuch-des-xl","status":"publish","type":"product","link":"https:\/\/one-horizon.ch\/fr\/product\/strandtuch-des-xl\/","title":{"rendered":"Linge de plage DES XL"},"content":{"rendered":"<p>Le drap de plage DES XL de Dock &amp; Bay est le drap parfait pour ceux qui veulent beaucoup d&#8217;espace sur la plage. Avec ses 200 \u00d7 90 cm, il offre une surface de couchage maximale &#8211; et gr\u00e2ce \u00e0 sa mati\u00e8re en microfibres recycl\u00e9es, il s\u00e8che n\u00e9anmoins jusqu&#8217;\u00e0 dix fois plus vite que le coton. <\/p>\n<ul>\n<li><strong>Taille XL :<\/strong> 200 \u00d7 90 cm<\/li>\n<li><strong>S\u00e9chage rapide<\/strong> &#8211; jusqu&#8217;\u00e0 10\u00d7 plus rapide que le coton<\/li>\n<li><strong>R\u00e9sistant au sable<\/strong> et enroulable de mani\u00e8re compacte<\/li>\n<li><strong>Durable<\/strong> &#8211; fabriqu\u00e9 \u00e0 partir de bouteilles en PET recycl\u00e9es<\/li>\n<li><strong>7 designs vifs<\/strong> &#8211; du tropical au pastel<\/li>\n<\/ul>\n<p>Chaque serviette de plage DES XL est livr\u00e9e dans un sac en tissu Dock &amp; Bay.<\/p>\n","protected":false},"excerpt":{"rendered":"<p>Grand drap de plage XL (200 \u00d7 90 cm) en microfibre 100% recycl\u00e9e. S\u00e9chage rapide, r\u00e9sistance au sable et compacit\u00e9 &#8211; en 7 designs vifs, livr\u00e9 avec un sac en tissu. <\/p>\n","protected":false},"featured_media":118121,"comment_status":"open","ping_status":"closed","template":"","meta":{"_acf_changed":false},"product_brand":[2997],"product_cat":[3357,3229],"product_tag":[3371],"class_list":{"0":"post-118909","1":"product","2":"type-product","3":"status-publish","4":"has-post-thumbnail","6":"product_brand-dock-and-bay","7":"product_cat-plein-air-camping","8":"product_cat-textiles-de-salle-de-bain-et-de-cuisine","9":"product_tag-recycle","11":"first","12":"onbackorder","13":"taxable","14":"shipping-taxable","15":"purchasable","16":"product-type-variable"},"acf":[],"_links":{"self":[{"href":"https:\/\/one-horizon.ch\/fr\/wp-json\/wp\/v2\/product\/118909","targetHints":{"allow":["GET"]}}],"collection":[{"href":"https:\/\/one-horizon.ch\/fr\/wp-json\/wp\/v2\/product"}],"about":[{"href":"https:\/\/one-horizon.ch\/fr\/wp-json\/wp\/v2\/types\/product"}],"replies":[{"embeddable":true,"href":"https:\/\/one-horizon.ch\/fr\/wp-json\/wp\/v2\/comments?post=118909"}],"wp:featuredmedia":[{"embeddable":true,"href":"https:\/\/one-horizon.ch\/fr\/wp-json\/wp\/v2\/media\/118121"}],"wp:attachment":[{"href":"https:\/\/one-horizon.ch\/fr\/wp-json\/wp\/v2\/media?parent=118909"}],"wp:term":[{"taxonomy":"product_brand","embeddable":true,"href":"https:\/\/one-horizon.ch\/fr\/wp-json\/wp\/v2\/product_brand?post=118909"},{"taxonomy":"product_cat","embeddable":true,"href":"https:\/\/one-horizon.ch\/fr\/wp-json\/wp\/v2\/product_cat?post=118909"},{"taxonomy":"product_tag","embeddable":true,"href":"https:\/\/one-horizon.ch\/fr\/wp-json\/wp\/v2\/product_tag?post=118909"}],"curies":[{"name":"wp","href":"https:\/\/api.w.org\/{rel}","templated":true}]}}