{"id":118957,"date":"2026-05-02T14:06:11","date_gmt":"2026-05-02T12:06:11","guid":{"rendered":"https:\/\/one-horizon.ch\/product\/kinder-strandponcho\/"},"modified":"2026-05-02T14:06:11","modified_gmt":"2026-05-02T12:06:11","slug":"kinder-strandponcho","status":"publish","type":"product","link":"https:\/\/one-horizon.ch\/fr\/product\/kinder-strandponcho\/","title":{"rendered":"Poncho de plage pour enfants"},"content":{"rendered":"<p>Avec le <strong>poncho de plage pour enfants de Dock &amp; Bay<\/strong>, se changer \u00e0 la plage ou \u00e0 la piscine devient un jeu d&#8217;enfant. Il suffit de l&#8217;enfiler &#8211; et l&#8217;enfant est au chaud et au sec en un rien de temps, sans avoir \u00e0 se d\u00e9shabiller. <\/p>\n<h2>Points forts<\/h2>\n<ul>\n<li><strong>Taille parfaite pour les 3-5 ans<\/strong> &#8211; 66 \u00d7 49 cm, capuche incluse<\/li>\n<li><strong>S\u00e9chage rapide<\/strong> &#8211; s\u00e8che les enfants rapidement et efficacement<\/li>\n<li><strong>L\u00e9ger et compact<\/strong> &#8211; se range dans un petit espace, id\u00e9al pour les excursions<\/li>\n<li><strong>100% polyester\/polyamide recycl\u00e9<\/strong> &#8211; produit de mani\u00e8re durable<\/li>\n<li><strong>Facile \u00e0 enfiler<\/strong> &#8211; par-dessus la t\u00eate, c&#8217;est fait<\/li>\n<\/ul>\n<h2>D\u00e9tails techniques<\/h2>\n<ul>\n<li>Taille : 66 \u00d7 49 cm, pour environ 3-5 ans<\/li>\n<li>Mati\u00e8re : 100% polyamide recycl\u00e9 \/ polyester (microfibre)<\/li>\n<li>3 designs joyeux<\/li>\n<\/ul>\n<p>Petit, pratique et \u00e0 s\u00e9chage rapide &#8211; le poncho de plage pour enfants qui facilite les journ\u00e9es \u00e0 la plage.<\/p>\n","protected":false},"excerpt":{"rendered":"<p>Poncho de plage pour enfants de Dock &amp; Bay pour les 3-5 ans &#8211; s\u00e9chage rapide, compact, avec capuche. Fabriqu\u00e9 \u00e0 partir de mat\u00e9riaux 100% recycl\u00e9s. 3 designs.  <\/p>\n","protected":false},"featured_media":118571,"comment_status":"open","ping_status":"closed","template":"","meta":{"_acf_changed":false},"product_brand":[2997],"product_cat":[3357,3229],"product_tag":[3371],"class_list":{"0":"post-118957","1":"product","2":"type-product","3":"status-publish","4":"has-post-thumbnail","6":"product_brand-dock-and-bay","7":"product_cat-plein-air-camping","8":"product_cat-textiles-de-salle-de-bain-et-de-cuisine","9":"product_tag-recycle","10":"pa_form-coastal-candy","11":"pa_form-rose-malibu","12":"pa_form-whitsunday-blue","13":"pa_holz-polyamide-polyester","15":"first","16":"onbackorder","17":"taxable","18":"shipping-taxable","19":"purchasable","20":"product-type-variable"},"acf":[],"_links":{"self":[{"href":"https:\/\/one-horizon.ch\/fr\/wp-json\/wp\/v2\/product\/118957","targetHints":{"allow":["GET"]}}],"collection":[{"href":"https:\/\/one-horizon.ch\/fr\/wp-json\/wp\/v2\/product"}],"about":[{"href":"https:\/\/one-horizon.ch\/fr\/wp-json\/wp\/v2\/types\/product"}],"replies":[{"embeddable":true,"href":"https:\/\/one-horizon.ch\/fr\/wp-json\/wp\/v2\/comments?post=118957"}],"wp:featuredmedia":[{"embeddable":true,"href":"https:\/\/one-horizon.ch\/fr\/wp-json\/wp\/v2\/media\/118571"}],"wp:attachment":[{"href":"https:\/\/one-horizon.ch\/fr\/wp-json\/wp\/v2\/media?parent=118957"}],"wp:term":[{"taxonomy":"product_brand","embeddable":true,"href":"https:\/\/one-horizon.ch\/fr\/wp-json\/wp\/v2\/product_brand?post=118957"},{"taxonomy":"product_cat","embeddable":true,"href":"https:\/\/one-horizon.ch\/fr\/wp-json\/wp\/v2\/product_cat?post=118957"},{"taxonomy":"product_tag","embeddable":true,"href":"https:\/\/one-horizon.ch\/fr\/wp-json\/wp\/v2\/product_tag?post=118957"}],"curies":[{"name":"wp","href":"https:\/\/api.w.org\/{rel}","templated":true}]}}