{"id":118966,"date":"2026-05-02T14:34:32","date_gmt":"2026-05-02T12:34:32","guid":{"rendered":"https:\/\/one-horizon.ch\/product\/notabag-rucksack-handtasche\/"},"modified":"2026-05-02T14:34:32","modified_gmt":"2026-05-02T12:34:32","slug":"notabag-rucksack-handtasche","status":"publish","type":"product","link":"https:\/\/one-horizon.ch\/fr\/product\/notabag-rucksack-handtasche\/","title":{"rendered":"Sac \u00e0 dos &amp; sac \u00e0 main"},"content":{"rendered":"<p>Le Notabag sac \u00e0 dos &amp; sac \u00e0 main est l&#8217;un des sacs les plus intelligents du march\u00e9. D&#8217;une simple traction sur les sangles, ce sac \u00e9l\u00e9gant se transforme en un sac \u00e0 dos confortable &#8211; et inversement. Ainsi, vous avez toujours les mains libres quand vous en avez besoin.  <\/p>\n<h2>2 en 1 &#8211; toujours ce qu&#8217;il faut<\/h2>\n<p>Qu&#8217;il s&#8217;agisse de faire des courses, de se promener en ville ou de faire un court voyage : Le Notabag s&#8217;adapte \u00e0 votre quotidien. Il est l\u00e9ger, r\u00e9sistant \u00e0 l&#8217;eau et se range facilement dans sa propre poche int\u00e9rieure. Fabriqu\u00e9 \u00e0 partir de bouteilles en PET recycl\u00e9es, il est durable et r\u00e9sistant.  <\/p>\n<h2>Points forts<\/h2>\n<ul>\n<li>2 en 1 : sac \u00e0 main et sac \u00e0 dos \u00e0 la fois<\/li>\n<li>Transformation en un seul geste<\/li>\n<li>Hydrophobe et lavable en machine<\/li>\n<li>Poche int\u00e9rieure pour le porte-monnaie et les cl\u00e9s<\/li>\n<li>Fabriqu\u00e9 \u00e0 partir de bouteilles en PET recycl\u00e9es<\/li>\n<li>Rangement compact dans son propre sac int\u00e9rieur<\/li>\n<\/ul>\n","protected":false},"excerpt":{"rendered":"<p>Le Notabag sac \u00e0 dos &amp; sac \u00e0 main est le sac intelligent 2 en 1 &#8211; il suffit de tirer sur les sangles pour le transformer en sac \u00e0 dos. Fabriqu\u00e9 \u00e0 partir de bouteilles en PET recycl\u00e9es, il est imperm\u00e9able, lavable en machine et poss\u00e8de une poche int\u00e9rieure pour le quotidien et les voyages. <\/p>\n","protected":false},"featured_media":118604,"comment_status":"open","ping_status":"closed","template":"","meta":{"_acf_changed":false},"product_brand":[3028],"product_cat":[867],"product_tag":[3371],"class_list":{"0":"post-118966","1":"product","2":"type-product","3":"status-publish","4":"has-post-thumbnail","6":"product_brand-notabag","7":"product_cat-sacs-a-dos","8":"product_tag-recycle","10":"first","11":"onbackorder","12":"taxable","13":"shipping-taxable","14":"purchasable","15":"product-type-variable"},"acf":[],"_links":{"self":[{"href":"https:\/\/one-horizon.ch\/fr\/wp-json\/wp\/v2\/product\/118966","targetHints":{"allow":["GET"]}}],"collection":[{"href":"https:\/\/one-horizon.ch\/fr\/wp-json\/wp\/v2\/product"}],"about":[{"href":"https:\/\/one-horizon.ch\/fr\/wp-json\/wp\/v2\/types\/product"}],"replies":[{"embeddable":true,"href":"https:\/\/one-horizon.ch\/fr\/wp-json\/wp\/v2\/comments?post=118966"}],"wp:featuredmedia":[{"embeddable":true,"href":"https:\/\/one-horizon.ch\/fr\/wp-json\/wp\/v2\/media\/118604"}],"wp:attachment":[{"href":"https:\/\/one-horizon.ch\/fr\/wp-json\/wp\/v2\/media?parent=118966"}],"wp:term":[{"taxonomy":"product_brand","embeddable":true,"href":"https:\/\/one-horizon.ch\/fr\/wp-json\/wp\/v2\/product_brand?post=118966"},{"taxonomy":"product_cat","embeddable":true,"href":"https:\/\/one-horizon.ch\/fr\/wp-json\/wp\/v2\/product_cat?post=118966"},{"taxonomy":"product_tag","embeddable":true,"href":"https:\/\/one-horizon.ch\/fr\/wp-json\/wp\/v2\/product_tag?post=118966"}],"curies":[{"name":"wp","href":"https:\/\/api.w.org\/{rel}","templated":true}]}}