{"id":118967,"date":"2026-05-02T01:36:15","date_gmt":"2026-05-01T23:36:15","guid":{"rendered":"https:\/\/one-horizon.ch\/product\/ago-ii-fabric\/"},"modified":"2026-05-02T01:36:15","modified_gmt":"2026-05-01T23:36:15","slug":"ago-ii-fabric","status":"publish","type":"product","link":"https:\/\/one-horizon.ch\/fr\/product\/ago-ii-fabric\/","title":{"rendered":"Kreafunk aGo II Tissu"},"content":{"rendered":"<p>L&#8217;aGo II Fabric est petit, mais il sonne tr\u00e8s fort. Le best-seller de Kreafunk avec une fa\u00e7ade textile fine en tissu recycl\u00e9 (98% de bouteilles PET de Gabriel\u00ae) et un son am\u00e9lior\u00e9 et finement r\u00e9gl\u00e9. <\/p>\n<p>Parfait pour les d\u00e9placements : accrochez-le \u00e0 un crochet, glissez-le dans votre poche et votre musique pr\u00e9f\u00e9r\u00e9e vous accompagnera partout. Deux appareils peuvent \u00eatre coupl\u00e9s via Stereo Play (TWS) pour former une paire st\u00e9r\u00e9o. <\/p>\n<h2>D\u00e9tails techniques<\/h2>\n<ul>\n<li>Dimensions : \u00d880 \u00d7 H39 mm<\/li>\n<li>Poids : 180 g<\/li>\n<li>Haut-parleur : \u00d853 mm, 4 \u03a9, 6 W<\/li>\n<li>Temps de jeu : jusqu&#8217;\u00e0 10 heures<\/li>\n<li>Temps de charge : 2-3 h (USB)<\/li>\n<li>Bluetooth 5.1, port\u00e9e jusqu&#8217;\u00e0 10 m<\/li>\n<li>R\u00e9sistant \u00e0 l&#8217;eau IPX5<\/li>\n<li>Batterie : 3,7 V \/ 1000 mAh<\/li>\n<li>Lecture st\u00e9r\u00e9o (TWS)<\/li>\n<li>C\u00e2ble de recharge inclus<\/li>\n<\/ul>\n","protected":false},"excerpt":{"rendered":"<p>Haut-parleur Bluetooth compact avec fa\u00e7ade en textile recycl\u00e9, 6W, lecture st\u00e9r\u00e9o (TWS), jusqu&#8217;\u00e0 10h d&#8217;autonomie et IPX5 &#8211; \u00e0 emporter partout, \u00e0 \u00e9couter partout.<\/p>\n","protected":false},"featured_media":117869,"comment_status":"open","ping_status":"closed","template":"","meta":{"_acf_changed":false},"product_brand":[3016],"product_cat":[1023],"product_tag":[],"class_list":{"0":"post-118967","1":"product","2":"type-product","3":"status-publish","4":"has-post-thumbnail","6":"product_brand-kreafunk","7":"product_cat-haut-parleur","9":"first","10":"onbackorder","11":"taxable","12":"shipping-taxable","13":"purchasable","14":"product-type-variable"},"acf":[],"_links":{"self":[{"href":"https:\/\/one-horizon.ch\/fr\/wp-json\/wp\/v2\/product\/118967","targetHints":{"allow":["GET"]}}],"collection":[{"href":"https:\/\/one-horizon.ch\/fr\/wp-json\/wp\/v2\/product"}],"about":[{"href":"https:\/\/one-horizon.ch\/fr\/wp-json\/wp\/v2\/types\/product"}],"replies":[{"embeddable":true,"href":"https:\/\/one-horizon.ch\/fr\/wp-json\/wp\/v2\/comments?post=118967"}],"wp:featuredmedia":[{"embeddable":true,"href":"https:\/\/one-horizon.ch\/fr\/wp-json\/wp\/v2\/media\/117869"}],"wp:attachment":[{"href":"https:\/\/one-horizon.ch\/fr\/wp-json\/wp\/v2\/media?parent=118967"}],"wp:term":[{"taxonomy":"product_brand","embeddable":true,"href":"https:\/\/one-horizon.ch\/fr\/wp-json\/wp\/v2\/product_brand?post=118967"},{"taxonomy":"product_cat","embeddable":true,"href":"https:\/\/one-horizon.ch\/fr\/wp-json\/wp\/v2\/product_cat?post=118967"},{"taxonomy":"product_tag","embeddable":true,"href":"https:\/\/one-horizon.ch\/fr\/wp-json\/wp\/v2\/product_tag?post=118967"}],"curies":[{"name":"wp","href":"https:\/\/api.w.org\/{rel}","templated":true}]}}