{"id":118988,"date":"2026-05-02T01:48:42","date_gmt":"2026-05-01T23:48:42","guid":{"rendered":"https:\/\/one-horizon.ch\/product\/kreafunk-amajor-2\/"},"modified":"2026-05-02T01:48:42","modified_gmt":"2026-05-01T23:48:42","slug":"kreafunk-amajor-2","status":"publish","type":"product","link":"https:\/\/one-horizon.ch\/fr\/product\/kreafunk-amajor-2\/","title":{"rendered":"aMajor 2"},"content":{"rendered":"<p>Le aMajor 2 de Kreafunk est un puissant haut-parleur Bluetooth 360\u00b0 qui sonorise sans effort n&#8217;importe quelle pi\u00e8ce. Avec un amplificateur num\u00e9rique de 40 watts, des basses riches et jusqu&#8217;\u00e0 30 heures d&#8217;autonomie de la batterie &#8211; pour la maison, le balcon ou le jardin. La sangle int\u00e9gr\u00e9e en cuir en fait un compagnon \u00e9l\u00e9gant partout.  <\/p>\n<ul>\n<li>Amplificateur num\u00e9rique 40 W (son \u00e0 360\u00b0)<\/li>\n<li>Plastique 100 % recycl\u00e9<\/li>\n<li>Bluetooth 5.0, port\u00e9e jusqu&#8217;\u00e0 10 m<\/li>\n<li>Jusqu&#8217;\u00e0 30 heures de jeu<\/li>\n<li>Temps de charge : 4-5 heures (USB-C) \/ 15-16 heures (Qi)<\/li>\n<li>Compatible Qi (compatible wiCharge)<\/li>\n<li>Couplage st\u00e9r\u00e9o (TWS) avec un deuxi\u00e8me aMajor 2<\/li>\n<li>Compatible avec l&#8217;assistant vocal<\/li>\n<li>\u00c9tanche \u00e0 l&#8217;eau IPX5<\/li>\n<li>Dimensions : \u00d8 128,5 \u00d7 H 176 mm<\/li>\n<li>Poids : 1600 g<\/li>\n<li>Incl. C\u00e2ble USB-C<\/li>\n<\/ul>\n","protected":false},"excerpt":{"rendered":"<p>Kreafunk aMajor 2 &#8211; 40W haut-parleur Bluetooth 360\u00b0 avec 30h de batterie, protection IPX5 et charge Qi. Un son \u00e9l\u00e9gant pour l&#8217;int\u00e9rieur et l&#8217;ext\u00e9rieur. <\/p>\n","protected":false},"featured_media":117994,"comment_status":"open","ping_status":"closed","template":"","meta":{"_acf_changed":false},"product_brand":[3016],"product_cat":[1023],"product_tag":[],"class_list":{"0":"post-118988","1":"product","2":"type-product","3":"status-publish","4":"has-post-thumbnail","6":"product_brand-kreafunk","7":"product_cat-haut-parleur","9":"first","10":"onbackorder","11":"taxable","12":"shipping-taxable","13":"purchasable","14":"product-type-variable"},"acf":[],"_links":{"self":[{"href":"https:\/\/one-horizon.ch\/fr\/wp-json\/wp\/v2\/product\/118988","targetHints":{"allow":["GET"]}}],"collection":[{"href":"https:\/\/one-horizon.ch\/fr\/wp-json\/wp\/v2\/product"}],"about":[{"href":"https:\/\/one-horizon.ch\/fr\/wp-json\/wp\/v2\/types\/product"}],"replies":[{"embeddable":true,"href":"https:\/\/one-horizon.ch\/fr\/wp-json\/wp\/v2\/comments?post=118988"}],"wp:featuredmedia":[{"embeddable":true,"href":"https:\/\/one-horizon.ch\/fr\/wp-json\/wp\/v2\/media\/117994"}],"wp:attachment":[{"href":"https:\/\/one-horizon.ch\/fr\/wp-json\/wp\/v2\/media?parent=118988"}],"wp:term":[{"taxonomy":"product_brand","embeddable":true,"href":"https:\/\/one-horizon.ch\/fr\/wp-json\/wp\/v2\/product_brand?post=118988"},{"taxonomy":"product_cat","embeddable":true,"href":"https:\/\/one-horizon.ch\/fr\/wp-json\/wp\/v2\/product_cat?post=118988"},{"taxonomy":"product_tag","embeddable":true,"href":"https:\/\/one-horizon.ch\/fr\/wp-json\/wp\/v2\/product_tag?post=118988"}],"curies":[{"name":"wp","href":"https:\/\/api.w.org\/{rel}","templated":true}]}}