{"id":120244,"date":"2026-05-03T01:59:05","date_gmt":"2026-05-02T23:59:05","guid":{"rendered":"https:\/\/one-horizon.ch\/product\/mesh-bags-3-pack\/"},"modified":"2026-05-03T01:59:05","modified_gmt":"2026-05-02T23:59:05","slug":"mesh-bags-3-pack","status":"publish","type":"product","link":"https:\/\/one-horizon.ch\/fr\/product\/mesh-bags-3-pack\/","title":{"rendered":"Sacs en maille 3-Pack"},"content":{"rendered":"<p>Les sacs Mesh Bags 3-Pack de Kind Bag sont des sacs en filet polyvalents fabriqu\u00e9s en RPET recycl\u00e9. Ils sont id\u00e9aux comme sacs \u00e0 fruits et l\u00e9gumes lorsque vous faites vos courses, pour laver vos v\u00eatements d\u00e9licats en machine ou pour organiser vos affaires de voyage.<\/p>\n<h2>Trois tailles, un seul ensemble<\/h2>\n<p>Le kit comprend un sac Large (30 \u00d7 35 cm), un sac Medium (24,8 \u00d7 30 cm) et un sac Small (20 \u00d7 24,8 cm). Double cordon de serrage pour faciliter l&#8217;ouverture et la fermeture &#8211; double couture pour une durabilit\u00e9 maximale. <\/p>\n<h2>L\u00e9ger, durable &amp; polyvalent<\/h2>\n<ul>\n<li><strong>100% RPET<\/strong> &#8211; \u00e0 partir de 2 bouteilles en plastique recycl\u00e9es<\/li>\n<li><strong>Sans danger pour les aliments &amp; sans BPA<\/strong><\/li>\n<li>Plus l\u00e9ger et plus durable que les sacs en filet de coton<\/li>\n<li>Lavable en machine &#8211; \u00e9galement pour les sous-v\u00eatements et les masques faciaux<\/li>\n<li>Double cordon de serrage pour une ouverture et une fermeture faciles<\/li>\n<li>Double couture pour une meilleure stabilit\u00e9<\/li>\n<\/ul>\n<p><strong>Dimensions :<\/strong> Large 30 \u00d7 35 cm | Medium 24,8 \u00d7 30 cm | Small 20 \u00d7 24,8 cm<br \/><strong>Poids :<\/strong> 0,1 kg | <strong>Mat\u00e9riau :<\/strong> RPET | <strong>Origine :<\/strong> CN<\/p>\n","protected":false},"excerpt":{"rendered":"<p>Trois sacs en filet (L\/M\/S) en RPET 100% recycl\u00e9 &#8211; pour les fruits et l\u00e9gumes, la lessive ou l&#8217;organisation des voyages. Sans danger pour les aliments, sans BPA, fabriqu\u00e9s \u00e0 partir de 2 bouteilles en plastique recycl\u00e9. Large 30\u00d735 cm | Medium 24,8\u00d730 cm | Small 20\u00d724,8 cm.  <\/p>\n","protected":false},"featured_media":119710,"comment_status":"open","ping_status":"closed","template":"","meta":{"_acf_changed":false},"product_brand":[3013],"product_cat":[1298],"product_tag":[],"class_list":{"0":"post-120244","1":"product","2":"type-product","3":"status-publish","4":"has-post-thumbnail","6":"product_brand-kind-bag","7":"product_cat-sacs-a-provisions","9":"first","10":"onbackorder","11":"taxable","12":"shipping-taxable","13":"purchasable","14":"product-type-simple"},"acf":[],"_links":{"self":[{"href":"https:\/\/one-horizon.ch\/fr\/wp-json\/wp\/v2\/product\/120244","targetHints":{"allow":["GET"]}}],"collection":[{"href":"https:\/\/one-horizon.ch\/fr\/wp-json\/wp\/v2\/product"}],"about":[{"href":"https:\/\/one-horizon.ch\/fr\/wp-json\/wp\/v2\/types\/product"}],"replies":[{"embeddable":true,"href":"https:\/\/one-horizon.ch\/fr\/wp-json\/wp\/v2\/comments?post=120244"}],"wp:featuredmedia":[{"embeddable":true,"href":"https:\/\/one-horizon.ch\/fr\/wp-json\/wp\/v2\/media\/119710"}],"wp:attachment":[{"href":"https:\/\/one-horizon.ch\/fr\/wp-json\/wp\/v2\/media?parent=120244"}],"wp:term":[{"taxonomy":"product_brand","embeddable":true,"href":"https:\/\/one-horizon.ch\/fr\/wp-json\/wp\/v2\/product_brand?post=120244"},{"taxonomy":"product_cat","embeddable":true,"href":"https:\/\/one-horizon.ch\/fr\/wp-json\/wp\/v2\/product_cat?post=120244"},{"taxonomy":"product_tag","embeddable":true,"href":"https:\/\/one-horizon.ch\/fr\/wp-json\/wp\/v2\/product_tag?post=120244"}],"curies":[{"name":"wp","href":"https:\/\/api.w.org\/{rel}","templated":true}]}}