{"id":120267,"date":"2026-05-03T01:57:04","date_gmt":"2026-05-02T23:57:04","guid":{"rendered":"https:\/\/one-horizon.ch\/product\/feder-stahl-poliert\/"},"modified":"2026-05-03T03:19:51","modified_gmt":"2026-05-03T01:19:51","slug":"feder-ink-fuellfederhalter","status":"publish","type":"product","link":"https:\/\/one-horizon.ch\/fr\/product\/feder-ink-fuellfederhalter\/","title":{"rendered":"Plume INK Stylo plume"},"content":{"rendered":"<p>La plume <strong>Acier poli<\/strong> est la plume de rechange adapt\u00e9e au <strong>stylo plume INK<\/strong> de Stilform. Il suffit de l&#8217;ins\u00e9rer pour d\u00e9couvrir imm\u00e9diatement une nouvelle sensation d&#8217;\u00e9criture. <\/p>\n<ul>\n<li>Tailles de plume : Extra-\u00e9troite, \u00c9troite, Moyenne, Large<\/li>\n<li>Compatible avec les stylos plume INK (aluminium &amp; titane)<\/li>\n<\/ul>\n","protected":false},"excerpt":{"rendered":"<p>Plume de rechange interchangeable pour le stylo plume INK de Stilform. Disponible en quatre mat\u00e9riaux &#8211; acier poli, acier noir, titane et or 14 carats &#8211; et en quatre \u00e9paisseurs de plume. <\/p>\n","protected":false},"featured_media":119634,"comment_status":"open","ping_status":"closed","template":"","meta":{"_acf_changed":false},"product_brand":[3044],"product_cat":[1279],"product_tag":[],"class_list":{"0":"post-120267","1":"product","2":"type-product","3":"status-publish","4":"has-post-thumbnail","6":"product_brand-stilform","7":"product_cat-stylos","9":"first","10":"onbackorder","11":"taxable","12":"shipping-taxable","13":"purchasable","14":"product-type-variable"},"acf":[],"_links":{"self":[{"href":"https:\/\/one-horizon.ch\/fr\/wp-json\/wp\/v2\/product\/120267","targetHints":{"allow":["GET"]}}],"collection":[{"href":"https:\/\/one-horizon.ch\/fr\/wp-json\/wp\/v2\/product"}],"about":[{"href":"https:\/\/one-horizon.ch\/fr\/wp-json\/wp\/v2\/types\/product"}],"replies":[{"embeddable":true,"href":"https:\/\/one-horizon.ch\/fr\/wp-json\/wp\/v2\/comments?post=120267"}],"wp:featuredmedia":[{"embeddable":true,"href":"https:\/\/one-horizon.ch\/fr\/wp-json\/wp\/v2\/media\/119634"}],"wp:attachment":[{"href":"https:\/\/one-horizon.ch\/fr\/wp-json\/wp\/v2\/media?parent=120267"}],"wp:term":[{"taxonomy":"product_brand","embeddable":true,"href":"https:\/\/one-horizon.ch\/fr\/wp-json\/wp\/v2\/product_brand?post=120267"},{"taxonomy":"product_cat","embeddable":true,"href":"https:\/\/one-horizon.ch\/fr\/wp-json\/wp\/v2\/product_cat?post=120267"},{"taxonomy":"product_tag","embeddable":true,"href":"https:\/\/one-horizon.ch\/fr\/wp-json\/wp\/v2\/product_tag?post=120267"}],"curies":[{"name":"wp","href":"https:\/\/api.w.org\/{rel}","templated":true}]}}