{"id":120272,"date":"2026-05-03T01:56:08","date_gmt":"2026-05-02T23:56:08","guid":{"rendered":"https:\/\/one-horizon.ch\/product\/mini-bag\/"},"modified":"2026-05-03T01:56:08","modified_gmt":"2026-05-02T23:56:08","slug":"mini-bag","status":"publish","type":"product","link":"https:\/\/one-horizon.ch\/fr\/product\/mini-bag\/","title":{"rendered":"Mini sac"},"content":{"rendered":"<p>Le Mini Bag de Kind Bag est le compagnon id\u00e9al pour tous ceux qui veulent toujours avoir un sac \u00e0 provisions r\u00e9utilisable \u00e0 port\u00e9e de main. Suffisamment petit pour se glisser dans n&#8217;importe quelle poche ou sac \u00e0 main &#8211; et pourtant spacieux et r\u00e9sistant quand il le faut. <\/p>\n<h2>Compact, l\u00e9ger &amp; pratique<\/h2>\n<p>Le mini sac se replie dans le petit sac fourni pour \u00eatre toujours pr\u00eat \u00e0 l&#8217;emploi. Malgr\u00e9 sa taille compacte, il peut supporter jusqu&#8217;\u00e0 20 kg et ses larges anses lui permettent de tenir confortablement sur l&#8217;\u00e9paule. <\/p>\n<h2>Fabriqu\u00e9 \u00e0 partir de bouteilles en plastique recycl\u00e9es<\/h2>\n<ul>\n<li><strong>100% RPET<\/strong> &#8211; \u00e0 partir de 6 bouteilles en plastique recycl\u00e9es<\/li>\n<li><strong>R\u00e9sistant \u00e0 l&#8217;eau<\/strong> et l\u00e9ger<\/li>\n<li>Peut supporter jusqu&#8217;\u00e0 <strong>20 kg<\/strong><\/li>\n<li>Pliable dans le sac fourni<\/li>\n<li>Larges anses pour un transport confortable<\/li>\n<\/ul>\n<p><strong>Dimensions :<\/strong> 26 \u00d7 14 \u00d7 43 cm | <strong>Poids :<\/strong> 0,045 kg | <strong>Mat\u00e9riau :<\/strong> RPET | <strong>Origine :<\/strong> CN<\/p>\n","protected":false},"excerpt":{"rendered":"<p>Petit sac \u00e0 provisions pliable en RPET 100% recycl\u00e9 &#8211; r\u00e9sistant \u00e0 l&#8217;eau et pouvant supporter jusqu&#8217;\u00e0 20 kg. Fabriqu\u00e9 \u00e0 partir de 6 bouteilles en plastique recycl\u00e9es. Se range dans le sac fourni.  <\/p>\n","protected":false},"featured_media":119594,"comment_status":"open","ping_status":"closed","template":"","meta":{"_acf_changed":false},"product_brand":[3013],"product_cat":[1298],"product_tag":[],"class_list":{"0":"post-120272","1":"product","2":"type-product","3":"status-publish","4":"has-post-thumbnail","6":"product_brand-kind-bag","7":"product_cat-sacs-a-provisions","9":"first","10":"onbackorder","11":"taxable","12":"shipping-taxable","13":"purchasable","14":"product-type-variable"},"acf":[],"_links":{"self":[{"href":"https:\/\/one-horizon.ch\/fr\/wp-json\/wp\/v2\/product\/120272","targetHints":{"allow":["GET"]}}],"collection":[{"href":"https:\/\/one-horizon.ch\/fr\/wp-json\/wp\/v2\/product"}],"about":[{"href":"https:\/\/one-horizon.ch\/fr\/wp-json\/wp\/v2\/types\/product"}],"replies":[{"embeddable":true,"href":"https:\/\/one-horizon.ch\/fr\/wp-json\/wp\/v2\/comments?post=120272"}],"wp:featuredmedia":[{"embeddable":true,"href":"https:\/\/one-horizon.ch\/fr\/wp-json\/wp\/v2\/media\/119594"}],"wp:attachment":[{"href":"https:\/\/one-horizon.ch\/fr\/wp-json\/wp\/v2\/media?parent=120272"}],"wp:term":[{"taxonomy":"product_brand","embeddable":true,"href":"https:\/\/one-horizon.ch\/fr\/wp-json\/wp\/v2\/product_brand?post=120272"},{"taxonomy":"product_cat","embeddable":true,"href":"https:\/\/one-horizon.ch\/fr\/wp-json\/wp\/v2\/product_cat?post=120272"},{"taxonomy":"product_tag","embeddable":true,"href":"https:\/\/one-horizon.ch\/fr\/wp-json\/wp\/v2\/product_tag?post=120272"}],"curies":[{"name":"wp","href":"https:\/\/api.w.org\/{rel}","templated":true}]}}