{"id":120726,"date":"2026-05-03T01:51:16","date_gmt":"2026-05-02T23:51:16","guid":{"rendered":"https:\/\/one-horizon.ch\/product\/clip-fuellfederhalter-ink\/"},"modified":"2026-05-03T01:51:16","modified_gmt":"2026-05-02T23:51:16","slug":"clip-fuellfederhalter-ink","status":"publish","type":"product","link":"https:\/\/one-horizon.ch\/fr\/product\/clip-fuellfederhalter-ink\/","title":{"rendered":"Stylo plume \u00e0 clip"},"content":{"rendered":"<p>L&#8217;<strong>agrafe pour le stylo plume INK<\/strong> est l&#8217;accessoire id\u00e9al pour tous ceux qui souhaitent emporter leur stylo partout avec eux. Fabriqu\u00e9 avec pr\u00e9cision, il s&#8217;accorde parfaitement au style de la collection INK. <\/p>\n<ul>\n<li>Compatible avec : Stylo plume INK (aluminium &amp; titane)<\/li>\n<li>Mat\u00e9riau : aluminium<\/li>\n<li>Couleurs : Star Silver, Warp Black<\/li>\n<li>Facilit\u00e9 de montage<\/li>\n<\/ul>\n","protected":false},"excerpt":{"rendered":"<p>Clip m\u00e9tallique optionnel pour le stylo plume INK de Stilform. S&#8217;int\u00e8gre parfaitement au design \u00e9pur\u00e9 de la collection INK &#8211; disponible en Star Silver et Warp Black. <\/p>\n","protected":false},"featured_media":119411,"comment_status":"open","ping_status":"closed","template":"","meta":{"_acf_changed":false},"product_brand":[3044],"product_cat":[1279],"product_tag":[],"class_list":{"0":"post-120726","1":"product","2":"type-product","3":"status-publish","4":"has-post-thumbnail","6":"product_brand-stilform","7":"product_cat-stylos","9":"first","10":"onbackorder","11":"taxable","12":"shipping-taxable","13":"purchasable","14":"product-type-variable"},"acf":[],"_links":{"self":[{"href":"https:\/\/one-horizon.ch\/fr\/wp-json\/wp\/v2\/product\/120726","targetHints":{"allow":["GET"]}}],"collection":[{"href":"https:\/\/one-horizon.ch\/fr\/wp-json\/wp\/v2\/product"}],"about":[{"href":"https:\/\/one-horizon.ch\/fr\/wp-json\/wp\/v2\/types\/product"}],"replies":[{"embeddable":true,"href":"https:\/\/one-horizon.ch\/fr\/wp-json\/wp\/v2\/comments?post=120726"}],"wp:featuredmedia":[{"embeddable":true,"href":"https:\/\/one-horizon.ch\/fr\/wp-json\/wp\/v2\/media\/119411"}],"wp:attachment":[{"href":"https:\/\/one-horizon.ch\/fr\/wp-json\/wp\/v2\/media?parent=120726"}],"wp:term":[{"taxonomy":"product_brand","embeddable":true,"href":"https:\/\/one-horizon.ch\/fr\/wp-json\/wp\/v2\/product_brand?post=120726"},{"taxonomy":"product_cat","embeddable":true,"href":"https:\/\/one-horizon.ch\/fr\/wp-json\/wp\/v2\/product_cat?post=120726"},{"taxonomy":"product_tag","embeddable":true,"href":"https:\/\/one-horizon.ch\/fr\/wp-json\/wp\/v2\/product_tag?post=120726"}],"curies":[{"name":"wp","href":"https:\/\/api.w.org\/{rel}","templated":true}]}}