{"id":120731,"date":"2026-05-03T01:49:15","date_gmt":"2026-05-02T23:49:15","guid":{"rendered":"https:\/\/one-horizon.ch\/product\/tintenkonverter-fuellfederhalter\/"},"modified":"2026-05-03T01:49:15","modified_gmt":"2026-05-02T23:49:15","slug":"tintenkonverter-fuellfederhalter","status":"publish","type":"product","link":"https:\/\/one-horizon.ch\/fr\/product\/tintenkonverter-fuellfederhalter\/","title":{"rendered":"Convertisseur d&#8217;encre Stylo plume"},"content":{"rendered":"<p>Le <strong>convertisseur d&#8217;encre<\/strong> transforme le stylo plume INK en un syst\u00e8me qui peut \u00eatre rempli avec n&#8217;importe quelle encre. Il suffit de plonger le m\u00e9canisme du piston dans l&#8217;encrier, de le tourner et de le remplir. <\/p>\n<h2>Caract\u00e9ristiques<\/h2>\n<ul>\n<li>Compatible avec le stylo plume INK (aluminium &amp; titane)<\/li>\n<li>M\u00e9canisme \u00e0 piston pour un remplissage facile<\/li>\n<li>Compatible avec l&#8217;encrier TILT de Stilform<\/li>\n<li>Durable : rechargeable \u00e0 l&#8217;infini au lieu de cartouches<\/li>\n<\/ul>\n<p>Id\u00e9al en combinaison avec l&#8217;<strong>encrier TILT<\/strong> &#8211; pour un syst\u00e8me d&#8217;\u00e9criture complet et durable.<\/p>\n","protected":false},"excerpt":{"rendered":"<p>Convertisseur d&#8217;encre pour le stylo plume INK de Stilform. Permet de remplir l&#8217;encrier avec sa propre encre &#8211; il suffit de l&#8217;ins\u00e9rer, de le remplir et de continuer \u00e0 \u00e9crire imm\u00e9diatement. <\/p>\n","protected":false},"featured_media":119369,"comment_status":"open","ping_status":"closed","template":"","meta":{"_acf_changed":false},"product_brand":[3044],"product_cat":[1279],"product_tag":[],"class_list":{"0":"post-120731","1":"product","2":"type-product","3":"status-publish","4":"has-post-thumbnail","6":"product_brand-stilform","7":"product_cat-stylos","9":"first","10":"onbackorder","11":"taxable","12":"shipping-taxable","13":"purchasable","14":"product-type-simple"},"acf":[],"_links":{"self":[{"href":"https:\/\/one-horizon.ch\/fr\/wp-json\/wp\/v2\/product\/120731","targetHints":{"allow":["GET"]}}],"collection":[{"href":"https:\/\/one-horizon.ch\/fr\/wp-json\/wp\/v2\/product"}],"about":[{"href":"https:\/\/one-horizon.ch\/fr\/wp-json\/wp\/v2\/types\/product"}],"replies":[{"embeddable":true,"href":"https:\/\/one-horizon.ch\/fr\/wp-json\/wp\/v2\/comments?post=120731"}],"wp:featuredmedia":[{"embeddable":true,"href":"https:\/\/one-horizon.ch\/fr\/wp-json\/wp\/v2\/media\/119369"}],"wp:attachment":[{"href":"https:\/\/one-horizon.ch\/fr\/wp-json\/wp\/v2\/media?parent=120731"}],"wp:term":[{"taxonomy":"product_brand","embeddable":true,"href":"https:\/\/one-horizon.ch\/fr\/wp-json\/wp\/v2\/product_brand?post=120731"},{"taxonomy":"product_cat","embeddable":true,"href":"https:\/\/one-horizon.ch\/fr\/wp-json\/wp\/v2\/product_cat?post=120731"},{"taxonomy":"product_tag","embeddable":true,"href":"https:\/\/one-horizon.ch\/fr\/wp-json\/wp\/v2\/product_tag?post=120731"}],"curies":[{"name":"wp","href":"https:\/\/api.w.org\/{rel}","templated":true}]}}