{"id":120732,"date":"2026-05-03T01:54:56","date_gmt":"2026-05-02T23:54:56","guid":{"rendered":"https:\/\/one-horizon.ch\/product\/tote-bag\/"},"modified":"2026-05-03T01:54:56","modified_gmt":"2026-05-02T23:54:56","slug":"tote-bag","status":"publish","type":"product","link":"https:\/\/one-horizon.ch\/fr\/product\/tote-bag\/","title":{"rendered":"Sac fourre-tout"},"content":{"rendered":"<p>Le sac fourre-tout de Kind Bag allie style et durabilit\u00e9 : fabriqu\u00e9 \u00e0 partir de 10 bouteilles en plastique recycl\u00e9es, il n&#8217;est pas seulement \u00e9cologique, mais aussi extr\u00eamement pratique. Sa grande capacit\u00e9, sa base de 10 cm de large et ses longues bandouli\u00e8res en font le compagnon id\u00e9al de tous les jours, que ce soit pour aller \u00e0 l&#8217;universit\u00e9, faire des courses ou en d\u00e9placement. <\/p>\n<h2>Pour toutes les occasions<\/h2>\n<p>Avec de la place pour un ordinateur portable jusqu&#8217;\u00e0 16 pouces, des livres, de la nourriture ou d&#8217;autres accessoires, le tote bag s&#8217;adapte \u00e0 tous les besoins. La poche int\u00e9rieure avec fermeture \u00e0 bouton maintient les petits objets en place. <\/p>\n<h2>Durable &amp; facile \u00e0 entretenir<\/h2>\n<ul>\n<li><strong>100% RPET<\/strong> &#8211; \u00e0 partir de 10 bouteilles en plastique recycl\u00e9es<\/li>\n<li><strong>R\u00e9sistant \u00e0 l&#8217;eau<\/strong><\/li>\n<li><strong>Lavable en machine \u00e0<\/strong> 30 \u00b0C<\/li>\n<li>Fond large (10 cm) pour une meilleure stabilit\u00e9<\/li>\n<li>Longue bandouli\u00e8re pour un transport confortable<\/li>\n<li>Poche int\u00e9rieure avec fermeture \u00e0 bouton en mat\u00e9riau 100% recycl\u00e9<\/li>\n<\/ul>\n<p><strong>Dimensions :<\/strong> 33 \u00d7 10 \u00d7 40 cm | <strong>Poids :<\/strong> 0,21 kg | <strong>Mat\u00e9riau :<\/strong> RPET | <strong>Origine :<\/strong> CN<\/p>\n","protected":false},"excerpt":{"rendered":"<p>Sac fourre-tout spacieux en RPET 100% recycl\u00e9 &#8211; r\u00e9sistant \u00e0 l&#8217;eau, lavable en machine et avec un fond large. Fabriqu\u00e9 \u00e0 partir de 10 bouteilles en plastique recycl\u00e9es. Peut contenir des ordinateurs portables jusqu&#8217;\u00e0 16 pouces &#8211; id\u00e9al pour l&#8217;universit\u00e9, le travail et la vie quotidienne.  <\/p>\n","protected":false},"featured_media":119551,"comment_status":"open","ping_status":"closed","template":"","meta":{"_acf_changed":false},"product_brand":[3013],"product_cat":[1298],"product_tag":[],"class_list":{"0":"post-120732","1":"product","2":"type-product","3":"status-publish","4":"has-post-thumbnail","6":"product_brand-kind-bag","7":"product_cat-sacs-a-provisions","9":"first","10":"onbackorder","11":"taxable","12":"shipping-taxable","13":"purchasable","14":"product-type-simple"},"acf":[],"_links":{"self":[{"href":"https:\/\/one-horizon.ch\/fr\/wp-json\/wp\/v2\/product\/120732","targetHints":{"allow":["GET"]}}],"collection":[{"href":"https:\/\/one-horizon.ch\/fr\/wp-json\/wp\/v2\/product"}],"about":[{"href":"https:\/\/one-horizon.ch\/fr\/wp-json\/wp\/v2\/types\/product"}],"replies":[{"embeddable":true,"href":"https:\/\/one-horizon.ch\/fr\/wp-json\/wp\/v2\/comments?post=120732"}],"wp:featuredmedia":[{"embeddable":true,"href":"https:\/\/one-horizon.ch\/fr\/wp-json\/wp\/v2\/media\/119551"}],"wp:attachment":[{"href":"https:\/\/one-horizon.ch\/fr\/wp-json\/wp\/v2\/media?parent=120732"}],"wp:term":[{"taxonomy":"product_brand","embeddable":true,"href":"https:\/\/one-horizon.ch\/fr\/wp-json\/wp\/v2\/product_brand?post=120732"},{"taxonomy":"product_cat","embeddable":true,"href":"https:\/\/one-horizon.ch\/fr\/wp-json\/wp\/v2\/product_cat?post=120732"},{"taxonomy":"product_tag","embeddable":true,"href":"https:\/\/one-horizon.ch\/fr\/wp-json\/wp\/v2\/product_tag?post=120732"}],"curies":[{"name":"wp","href":"https:\/\/api.w.org\/{rel}","templated":true}]}}