{"id":120740,"date":"2026-05-03T01:50:56","date_gmt":"2026-05-02T23:50:56","guid":{"rendered":"https:\/\/one-horizon.ch\/product\/clip-bleistift-gelschreiber\/"},"modified":"2026-05-03T01:50:56","modified_gmt":"2026-05-02T23:50:56","slug":"clip-bleistift-gelschreiber","status":"publish","type":"product","link":"https:\/\/one-horizon.ch\/fr\/product\/clip-bleistift-gelschreiber\/","title":{"rendered":"Clip Crayon &amp; Stylo \u00e0 encre gel"},"content":{"rendered":"<p>L&#8217;<strong>agrafe pour crayon et stylo \u00e0 encre gel<\/strong> est un compl\u00e9ment pratique pour le crayon AEON et le stylo \u00e0 encre gel ARC. Il reste bien en place, ne fait pas de bruit et se fixe et s&#8217;enl\u00e8ve facilement. <\/p>\n<ul>\n<li>Compatible avec : Porte-mines AEON (tous mod\u00e8les), stylo \u00e0 encre gel ARC<\/li>\n<li>Mat\u00e9riau : aluminium<\/li>\n<li>Couleurs : Star Silver, Warp Black<\/li>\n<li>Fixation sans aimant<\/li>\n<\/ul>\n","protected":false},"excerpt":{"rendered":"<p>Clip m\u00e9tallique en option pour le porte-mine AEON et le stylo \u00e0 encre gel ARC de Stilform. Permet de le fixer solidement \u00e0 un carnet de notes ou \u00e0 une poche de chemise &#8211; disponible en Star Silver et Warp Black. <\/p>\n","protected":false},"featured_media":119384,"comment_status":"open","ping_status":"closed","template":"","meta":{"_acf_changed":false},"product_brand":[3044],"product_cat":[1279],"product_tag":[],"class_list":{"0":"post-120740","1":"product","2":"type-product","3":"status-publish","4":"has-post-thumbnail","6":"product_brand-stilform","7":"product_cat-stylos","9":"first","10":"onbackorder","11":"taxable","12":"shipping-taxable","13":"purchasable","14":"product-type-variable"},"acf":[],"_links":{"self":[{"href":"https:\/\/one-horizon.ch\/fr\/wp-json\/wp\/v2\/product\/120740","targetHints":{"allow":["GET"]}}],"collection":[{"href":"https:\/\/one-horizon.ch\/fr\/wp-json\/wp\/v2\/product"}],"about":[{"href":"https:\/\/one-horizon.ch\/fr\/wp-json\/wp\/v2\/types\/product"}],"replies":[{"embeddable":true,"href":"https:\/\/one-horizon.ch\/fr\/wp-json\/wp\/v2\/comments?post=120740"}],"wp:featuredmedia":[{"embeddable":true,"href":"https:\/\/one-horizon.ch\/fr\/wp-json\/wp\/v2\/media\/119384"}],"wp:attachment":[{"href":"https:\/\/one-horizon.ch\/fr\/wp-json\/wp\/v2\/media?parent=120740"}],"wp:term":[{"taxonomy":"product_brand","embeddable":true,"href":"https:\/\/one-horizon.ch\/fr\/wp-json\/wp\/v2\/product_brand?post=120740"},{"taxonomy":"product_cat","embeddable":true,"href":"https:\/\/one-horizon.ch\/fr\/wp-json\/wp\/v2\/product_cat?post=120740"},{"taxonomy":"product_tag","embeddable":true,"href":"https:\/\/one-horizon.ch\/fr\/wp-json\/wp\/v2\/product_tag?post=120740"}],"curies":[{"name":"wp","href":"https:\/\/api.w.org\/{rel}","templated":true}]}}