{"id":120741,"date":"2026-05-03T01:40:23","date_gmt":"2026-05-02T23:40:23","guid":{"rendered":"https:\/\/one-horizon.ch\/product\/xl-bag\/"},"modified":"2026-05-03T01:40:23","modified_gmt":"2026-05-02T23:40:23","slug":"xl-bag","status":"publish","type":"product","link":"https:\/\/one-horizon.ch\/fr\/product\/xl-bag\/","title":{"rendered":"Sac XL"},"content":{"rendered":"<p>Le sac XL de Kind Bag est la grande s\u0153ur du sac \u00e0 provisions classique &#8211; bruyant au quotidien, \u00e9l\u00e9gant dans son design. Fabriqu\u00e9 \u00e0 partir de RPET 100% recycl\u00e9, il porte facilement les objets lourds et se plie en un clin d&#8217;\u0153il. <\/p>\n<h2>Beaucoup d&#8217;espace, peu de bagages<\/h2>\n<p>Qu&#8217;il s&#8217;agisse du march\u00e9 hebdomadaire, d&#8217;un sac de sport ou de grosses courses, le XL Bag porte tout avec aisance. Le tissu RPET robuste est imperm\u00e9able et durable, les bretelles sont maniables et stables. <\/p>\n<ul>\n<li><strong>Mat\u00e9riau :<\/strong> 100 % RPET (bouteilles en plastique recycl\u00e9es)<\/li>\n<li><strong>Dimensions :<\/strong> 46 \u00d7 23 \u00d7 84 cm<\/li>\n<li><strong>Poids :<\/strong> 95 g<\/li>\n<li><strong>R\u00e9sistant \u00e0 l&#8217;eau<\/strong> et pliable<\/li>\n<li><strong>Durable :<\/strong> fabriqu\u00e9 \u00e0 partir de mat\u00e9riaux recycl\u00e9s<\/li>\n<li>Origine : Chine<\/li>\n<\/ul>\n","protected":false},"excerpt":{"rendered":"<p>Grand sac \u00e0 provisions pliable en RPET 100 % recycl\u00e9 &#8211; robuste, imperm\u00e9able et l\u00e9ger. Pli\u00e9, il se glisse dans n&#8217;importe quel sac \u00e0 main. 46 \u00d7 23 \u00d7 84 cm, 95 g seulement.  <\/p>\n","protected":false},"featured_media":119270,"comment_status":"open","ping_status":"closed","template":"","meta":{"_acf_changed":false},"product_brand":[3013],"product_cat":[1298],"product_tag":[3371],"class_list":{"0":"post-120741","1":"product","2":"type-product","3":"status-publish","4":"has-post-thumbnail","6":"product_brand-kind-bag","7":"product_cat-sacs-a-provisions","8":"product_tag-recycle","10":"first","11":"onbackorder","12":"taxable","13":"shipping-taxable","14":"purchasable","15":"product-type-variable"},"acf":[],"_links":{"self":[{"href":"https:\/\/one-horizon.ch\/fr\/wp-json\/wp\/v2\/product\/120741","targetHints":{"allow":["GET"]}}],"collection":[{"href":"https:\/\/one-horizon.ch\/fr\/wp-json\/wp\/v2\/product"}],"about":[{"href":"https:\/\/one-horizon.ch\/fr\/wp-json\/wp\/v2\/types\/product"}],"replies":[{"embeddable":true,"href":"https:\/\/one-horizon.ch\/fr\/wp-json\/wp\/v2\/comments?post=120741"}],"wp:featuredmedia":[{"embeddable":true,"href":"https:\/\/one-horizon.ch\/fr\/wp-json\/wp\/v2\/media\/119270"}],"wp:attachment":[{"href":"https:\/\/one-horizon.ch\/fr\/wp-json\/wp\/v2\/media?parent=120741"}],"wp:term":[{"taxonomy":"product_brand","embeddable":true,"href":"https:\/\/one-horizon.ch\/fr\/wp-json\/wp\/v2\/product_brand?post=120741"},{"taxonomy":"product_cat","embeddable":true,"href":"https:\/\/one-horizon.ch\/fr\/wp-json\/wp\/v2\/product_cat?post=120741"},{"taxonomy":"product_tag","embeddable":true,"href":"https:\/\/one-horizon.ch\/fr\/wp-json\/wp\/v2\/product_tag?post=120741"}],"curies":[{"name":"wp","href":"https:\/\/api.w.org\/{rel}","templated":true}]}}