{"id":120790,"date":"2026-05-03T03:06:01","date_gmt":"2026-05-03T01:06:01","guid":{"rendered":"https:\/\/one-horizon.ch\/product\/leuchte-ole\/"},"modified":"2026-05-03T03:06:01","modified_gmt":"2026-05-03T01:06:01","slug":"leuchte-ole","status":"publish","type":"product","link":"https:\/\/one-horizon.ch\/fr\/product\/leuchte-ole\/","title":{"rendered":"Luminaire Ole"},"content":{"rendered":"<p>Spot allum\u00e9 : \u00e0 l&#8217;int\u00e9rieur ou \u00e0 l&#8217;ext\u00e9rieur, pos\u00e9e ou suspendue &#8211; la petite lampe LED portable Ole met parfaitement en sc\u00e8ne la maison et le jardin. Avec une batterie pleine, Ole fournit jusqu&#8217;\u00e0 108 heures de lumi\u00e8re. Lampe de table LED portable aliment\u00e9e par batterie, pour l&#8217;int\u00e9rieur et l&#8217;ext\u00e9rieur (IP45), 3 niveaux de gradation, autonomie jusqu&#8217;\u00e0 108 heures, 2700K\/280LM, c\u00e2ble textile USB-C (1,5m), temps de charge 6h, adaptateur secteur non inclus.  <\/p>\n","protected":false},"excerpt":{"rendered":"<p>Lampe LED portable pour l&#8217;int\u00e9rieur et l&#8217;ext\u00e9rieur &#8211; aliment\u00e9e par batterie, variateur d&#8217;intensit\u00e9 \u00e0 3 niveaux, IP45, jusqu&#8217;\u00e0 108h d&#8217;autonomie.<\/p>\n","protected":false},"featured_media":120570,"comment_status":"open","ping_status":"closed","template":"","meta":{"_acf_changed":false},"product_brand":[3039],"product_cat":[3257],"product_tag":[],"class_list":{"0":"post-120790","1":"product","2":"type-product","3":"status-publish","4":"has-post-thumbnail","6":"product_brand-remember","7":"product_cat-lampes-de-table","9":"first","10":"onbackorder","11":"taxable","12":"shipping-taxable","13":"purchasable","14":"product-type-variable"},"acf":[],"_links":{"self":[{"href":"https:\/\/one-horizon.ch\/fr\/wp-json\/wp\/v2\/product\/120790","targetHints":{"allow":["GET"]}}],"collection":[{"href":"https:\/\/one-horizon.ch\/fr\/wp-json\/wp\/v2\/product"}],"about":[{"href":"https:\/\/one-horizon.ch\/fr\/wp-json\/wp\/v2\/types\/product"}],"replies":[{"embeddable":true,"href":"https:\/\/one-horizon.ch\/fr\/wp-json\/wp\/v2\/comments?post=120790"}],"wp:featuredmedia":[{"embeddable":true,"href":"https:\/\/one-horizon.ch\/fr\/wp-json\/wp\/v2\/media\/120570"}],"wp:attachment":[{"href":"https:\/\/one-horizon.ch\/fr\/wp-json\/wp\/v2\/media?parent=120790"}],"wp:term":[{"taxonomy":"product_brand","embeddable":true,"href":"https:\/\/one-horizon.ch\/fr\/wp-json\/wp\/v2\/product_brand?post=120790"},{"taxonomy":"product_cat","embeddable":true,"href":"https:\/\/one-horizon.ch\/fr\/wp-json\/wp\/v2\/product_cat?post=120790"},{"taxonomy":"product_tag","embeddable":true,"href":"https:\/\/one-horizon.ch\/fr\/wp-json\/wp\/v2\/product_tag?post=120790"}],"curies":[{"name":"wp","href":"https:\/\/api.w.org\/{rel}","templated":true}]}}