{"id":120819,"date":"2026-05-03T03:07:33","date_gmt":"2026-05-03T01:07:33","guid":{"rendered":"https:\/\/one-horizon.ch\/product\/stabkerzen-set\/"},"modified":"2026-05-03T03:07:33","modified_gmt":"2026-05-03T01:07:33","slug":"stabkerzen-set","status":"publish","type":"product","link":"https:\/\/one-horizon.ch\/fr\/product\/stabkerzen-set\/","title":{"rendered":"Set de bougies b\u00e2ton"},"content":{"rendered":"<p>Pour ces bougies, il faut tout simplement br\u00fbler : Ces bougies color\u00e9es sont moul\u00e9es \u00e0 la main, couche de cire apr\u00e8s couche de cire, dans une usine de commerce \u00e9quitable. Fabriqu\u00e9es \u00e0 partir de cire de st\u00e9arine v\u00e9g\u00e9talienne et color\u00e9es avec des colorants \u00e9cologiques, elles ne sont pas seulement amusantes en raison de leur mode de fabrication durable &#8211; elles se distinguent \u00e9galement par leur excellent comportement \u00e0 la combustion et leur longue dur\u00e9e de combustion. Les bougies en b\u00e2tonnet sont id\u00e9ales pour le M  <\/p>\n","protected":false},"excerpt":{"rendered":"<p>Bougies moul\u00e9es \u00e0 la main, design color-blocking, lot de 2 &#8211; Commerce \u00e9quitable, dans de nombreuses combinaisons de couleurs.<\/p>\n","protected":false},"featured_media":120598,"comment_status":"open","ping_status":"closed","template":"","meta":{"_acf_changed":false},"product_brand":[3039],"product_cat":[989],"product_tag":[],"class_list":{"0":"post-120819","1":"product","2":"type-product","3":"status-publish","4":"has-post-thumbnail","6":"product_brand-remember","7":"product_cat-bougies","9":"first","10":"onbackorder","11":"taxable","12":"shipping-taxable","13":"purchasable","14":"product-type-variable"},"acf":[],"_links":{"self":[{"href":"https:\/\/one-horizon.ch\/fr\/wp-json\/wp\/v2\/product\/120819","targetHints":{"allow":["GET"]}}],"collection":[{"href":"https:\/\/one-horizon.ch\/fr\/wp-json\/wp\/v2\/product"}],"about":[{"href":"https:\/\/one-horizon.ch\/fr\/wp-json\/wp\/v2\/types\/product"}],"replies":[{"embeddable":true,"href":"https:\/\/one-horizon.ch\/fr\/wp-json\/wp\/v2\/comments?post=120819"}],"wp:featuredmedia":[{"embeddable":true,"href":"https:\/\/one-horizon.ch\/fr\/wp-json\/wp\/v2\/media\/120598"}],"wp:attachment":[{"href":"https:\/\/one-horizon.ch\/fr\/wp-json\/wp\/v2\/media?parent=120819"}],"wp:term":[{"taxonomy":"product_brand","embeddable":true,"href":"https:\/\/one-horizon.ch\/fr\/wp-json\/wp\/v2\/product_brand?post=120819"},{"taxonomy":"product_cat","embeddable":true,"href":"https:\/\/one-horizon.ch\/fr\/wp-json\/wp\/v2\/product_cat?post=120819"},{"taxonomy":"product_tag","embeddable":true,"href":"https:\/\/one-horizon.ch\/fr\/wp-json\/wp\/v2\/product_tag?post=120819"}],"curies":[{"name":"wp","href":"https:\/\/api.w.org\/{rel}","templated":true}]}}