{"id":120828,"date":"2026-05-03T03:03:59","date_gmt":"2026-05-03T01:03:59","guid":{"rendered":"https:\/\/one-horizon.ch\/product\/papiervase-yuki\/"},"modified":"2026-05-03T03:03:59","modified_gmt":"2026-05-03T01:03:59","slug":"papiervase-yuki","status":"publish","type":"product","link":"https:\/\/one-horizon.ch\/fr\/product\/papiervase-yuki\/","title":{"rendered":"Vase en papier Yuki"},"content":{"rendered":"<p>Il suffit de le d\u00e9plier et d&#8217;y mettre des fleurs pour en faire un v\u00e9ritable objet de d\u00e9coration. Le vase bicolore avec cylindre en verre se caract\u00e9rise par un superbe jeu de couleurs et se d\u00e9plie et se replie tr\u00e8s facilement gr\u00e2ce \u00e0 sa fermeture magn\u00e9tique. <\/p>\n","protected":false},"excerpt":{"rendered":"<p>Vase en papier bicolore avec cylindre en verre et fermeture magn\u00e9tique &#8211; pliable, en trois tailles.<\/p>\n","protected":false},"featured_media":120524,"comment_status":"open","ping_status":"closed","template":"","meta":{"_acf_changed":false},"product_brand":[3039],"product_cat":[1329],"product_tag":[],"class_list":{"0":"post-120828","1":"product","2":"type-product","3":"status-publish","4":"has-post-thumbnail","6":"product_brand-remember","7":"product_cat-vases-fr","9":"first","10":"onbackorder","11":"taxable","12":"shipping-taxable","13":"purchasable","14":"product-type-variable"},"acf":[],"_links":{"self":[{"href":"https:\/\/one-horizon.ch\/fr\/wp-json\/wp\/v2\/product\/120828","targetHints":{"allow":["GET"]}}],"collection":[{"href":"https:\/\/one-horizon.ch\/fr\/wp-json\/wp\/v2\/product"}],"about":[{"href":"https:\/\/one-horizon.ch\/fr\/wp-json\/wp\/v2\/types\/product"}],"replies":[{"embeddable":true,"href":"https:\/\/one-horizon.ch\/fr\/wp-json\/wp\/v2\/comments?post=120828"}],"wp:featuredmedia":[{"embeddable":true,"href":"https:\/\/one-horizon.ch\/fr\/wp-json\/wp\/v2\/media\/120524"}],"wp:attachment":[{"href":"https:\/\/one-horizon.ch\/fr\/wp-json\/wp\/v2\/media?parent=120828"}],"wp:term":[{"taxonomy":"product_brand","embeddable":true,"href":"https:\/\/one-horizon.ch\/fr\/wp-json\/wp\/v2\/product_brand?post=120828"},{"taxonomy":"product_cat","embeddable":true,"href":"https:\/\/one-horizon.ch\/fr\/wp-json\/wp\/v2\/product_cat?post=120828"},{"taxonomy":"product_tag","embeddable":true,"href":"https:\/\/one-horizon.ch\/fr\/wp-json\/wp\/v2\/product_tag?post=120828"}],"curies":[{"name":"wp","href":"https:\/\/api.w.org\/{rel}","templated":true}]}}