{"id":120842,"date":"2026-05-03T03:03:23","date_gmt":"2026-05-03T01:03:23","guid":{"rendered":"https:\/\/one-horizon.ch\/product\/tragetasche-faltbar\/"},"modified":"2026-05-03T03:03:23","modified_gmt":"2026-05-03T01:03:23","slug":"tragetasche-faltbar","status":"publish","type":"product","link":"https:\/\/one-horizon.ch\/fr\/product\/tragetasche-faltbar\/","title":{"rendered":"Sac de transport pliable"},"content":{"rendered":"<p>Le plaisir de la couleur se manifeste dans un sac \u00e0 provisions fonctionnel. Et lorsque le sac n&#8217;est pas utilis\u00e9, il se plie en deux et se range dans la poche int\u00e9rieure. Sac de transport tricolore pliable avec poche int\u00e9rieure. Dimensions : 42,4 x 69 cm, pli\u00e9 : 15,5 x 13 cm. Capacit\u00e9 de charge : 20 kg. Conseil d&#8217;entretien : lavage \u00e0 la main.     <\/p>\n","protected":false},"excerpt":{"rendered":"<p>Sac de transport tricolore et pliable &#8211; se range dans une poche int\u00e9rieure, pratique pour les d\u00e9placements.<\/p>\n","protected":false},"featured_media":120500,"comment_status":"open","ping_status":"closed","template":"","meta":{"_acf_changed":false},"product_brand":[3039],"product_cat":[1298],"product_tag":[],"class_list":{"0":"post-120842","1":"product","2":"type-product","3":"status-publish","4":"has-post-thumbnail","6":"product_brand-remember","7":"product_cat-sacs-a-provisions","9":"first","10":"onbackorder","11":"taxable","12":"shipping-taxable","13":"purchasable","14":"product-type-variable"},"acf":[],"_links":{"self":[{"href":"https:\/\/one-horizon.ch\/fr\/wp-json\/wp\/v2\/product\/120842","targetHints":{"allow":["GET"]}}],"collection":[{"href":"https:\/\/one-horizon.ch\/fr\/wp-json\/wp\/v2\/product"}],"about":[{"href":"https:\/\/one-horizon.ch\/fr\/wp-json\/wp\/v2\/types\/product"}],"replies":[{"embeddable":true,"href":"https:\/\/one-horizon.ch\/fr\/wp-json\/wp\/v2\/comments?post=120842"}],"wp:featuredmedia":[{"embeddable":true,"href":"https:\/\/one-horizon.ch\/fr\/wp-json\/wp\/v2\/media\/120500"}],"wp:attachment":[{"href":"https:\/\/one-horizon.ch\/fr\/wp-json\/wp\/v2\/media?parent=120842"}],"wp:term":[{"taxonomy":"product_brand","embeddable":true,"href":"https:\/\/one-horizon.ch\/fr\/wp-json\/wp\/v2\/product_brand?post=120842"},{"taxonomy":"product_cat","embeddable":true,"href":"https:\/\/one-horizon.ch\/fr\/wp-json\/wp\/v2\/product_cat?post=120842"},{"taxonomy":"product_tag","embeddable":true,"href":"https:\/\/one-horizon.ch\/fr\/wp-json\/wp\/v2\/product_tag?post=120842"}],"curies":[{"name":"wp","href":"https:\/\/api.w.org\/{rel}","templated":true}]}}