{"id":120854,"date":"2026-05-03T03:02:57","date_gmt":"2026-05-03T01:02:57","guid":{"rendered":"https:\/\/one-horizon.ch\/product\/teelichthaus-nyhavn\/"},"modified":"2026-05-03T03:02:57","modified_gmt":"2026-05-03T01:02:57","slug":"teelichthaus-nyhavn","status":"publish","type":"product","link":"https:\/\/one-horizon.ch\/fr\/product\/teelichthaus-nyhavn\/","title":{"rendered":"Maison des bougies \u00e0 chauffe-plat Nyhavn"},"content":{"rendered":"<p>Comme il brille agr\u00e9ablement \u00e0 travers les petites fen\u00eatres ! Ces charmantes maisons \u00e0 bougies chauffe-plat cr\u00e9ent tout simplement une belle ambiance pendant la saison sombre et peuvent \u00eatre dispos\u00e9es individuellement ou en petit ensemble de village. <\/p>\n","protected":false},"excerpt":{"rendered":"<p>Charmante maison en papier pour bougies chauffe-plat &#8211; s&#8217;illumine confortablement par de petites fen\u00eatres, seule ou en ensemble.<\/p>\n","protected":false},"featured_media":120476,"comment_status":"open","ping_status":"closed","template":"","meta":{"_acf_changed":false},"product_brand":[3039],"product_cat":[989],"product_tag":[],"class_list":{"0":"post-120854","1":"product","2":"type-product","3":"status-publish","4":"has-post-thumbnail","6":"product_brand-remember","7":"product_cat-bougies","9":"first","10":"onbackorder","11":"taxable","12":"shipping-taxable","13":"purchasable","14":"product-type-variable"},"acf":[],"_links":{"self":[{"href":"https:\/\/one-horizon.ch\/fr\/wp-json\/wp\/v2\/product\/120854","targetHints":{"allow":["GET"]}}],"collection":[{"href":"https:\/\/one-horizon.ch\/fr\/wp-json\/wp\/v2\/product"}],"about":[{"href":"https:\/\/one-horizon.ch\/fr\/wp-json\/wp\/v2\/types\/product"}],"replies":[{"embeddable":true,"href":"https:\/\/one-horizon.ch\/fr\/wp-json\/wp\/v2\/comments?post=120854"}],"wp:featuredmedia":[{"embeddable":true,"href":"https:\/\/one-horizon.ch\/fr\/wp-json\/wp\/v2\/media\/120476"}],"wp:attachment":[{"href":"https:\/\/one-horizon.ch\/fr\/wp-json\/wp\/v2\/media?parent=120854"}],"wp:term":[{"taxonomy":"product_brand","embeddable":true,"href":"https:\/\/one-horizon.ch\/fr\/wp-json\/wp\/v2\/product_brand?post=120854"},{"taxonomy":"product_cat","embeddable":true,"href":"https:\/\/one-horizon.ch\/fr\/wp-json\/wp\/v2\/product_cat?post=120854"},{"taxonomy":"product_tag","embeddable":true,"href":"https:\/\/one-horizon.ch\/fr\/wp-json\/wp\/v2\/product_tag?post=120854"}],"curies":[{"name":"wp","href":"https:\/\/api.w.org\/{rel}","templated":true}]}}