{"id":120861,"date":"2026-05-03T03:01:53","date_gmt":"2026-05-03T01:01:53","guid":{"rendered":"https:\/\/one-horizon.ch\/product\/waermeflasche\/"},"modified":"2026-05-03T03:01:53","modified_gmt":"2026-05-03T01:01:53","slug":"waermeflasche","status":"publish","type":"product","link":"https:\/\/one-horizon.ch\/fr\/product\/waermeflasche\/","title":{"rendered":"Bouillotte"},"content":{"rendered":"<p>Quand il fait froid dehors, une bouillotte sur le canap\u00e9 ou au lit est vraiment agr\u00e9able. Nos bouillottes sont recouvertes d&#8217;une housse en tricot douce et amovible aux rayures color\u00e9es, ce qui leur conf\u00e8re une apparence agr\u00e9able. Mat\u00e9riau : bouillotte en PVC, housse en tricot : 100 % polyacrylique, lavable \u00e0 30 \u00b0C, dimensions : L 19 x P 6 cm x H 32 cm, volume : env. 2 L.  <\/p>\n","protected":false},"excerpt":{"rendered":"<p>Bouillotte avec housse en tricot douce et amovible au design ray\u00e9 &#8211; confortable et fonctionnelle.<\/p>\n","protected":false},"featured_media":120424,"comment_status":"open","ping_status":"closed","template":"","meta":{"_acf_changed":false},"product_brand":[3039],"product_cat":[3229],"product_tag":[],"class_list":{"0":"post-120861","1":"product","2":"type-product","3":"status-publish","4":"has-post-thumbnail","6":"product_brand-remember","7":"product_cat-textiles-de-salle-de-bain-et-de-cuisine","9":"first","10":"onbackorder","11":"taxable","12":"shipping-taxable","13":"purchasable","14":"product-type-variable"},"acf":[],"_links":{"self":[{"href":"https:\/\/one-horizon.ch\/fr\/wp-json\/wp\/v2\/product\/120861","targetHints":{"allow":["GET"]}}],"collection":[{"href":"https:\/\/one-horizon.ch\/fr\/wp-json\/wp\/v2\/product"}],"about":[{"href":"https:\/\/one-horizon.ch\/fr\/wp-json\/wp\/v2\/types\/product"}],"replies":[{"embeddable":true,"href":"https:\/\/one-horizon.ch\/fr\/wp-json\/wp\/v2\/comments?post=120861"}],"wp:featuredmedia":[{"embeddable":true,"href":"https:\/\/one-horizon.ch\/fr\/wp-json\/wp\/v2\/media\/120424"}],"wp:attachment":[{"href":"https:\/\/one-horizon.ch\/fr\/wp-json\/wp\/v2\/media?parent=120861"}],"wp:term":[{"taxonomy":"product_brand","embeddable":true,"href":"https:\/\/one-horizon.ch\/fr\/wp-json\/wp\/v2\/product_brand?post=120861"},{"taxonomy":"product_cat","embeddable":true,"href":"https:\/\/one-horizon.ch\/fr\/wp-json\/wp\/v2\/product_cat?post=120861"},{"taxonomy":"product_tag","embeddable":true,"href":"https:\/\/one-horizon.ch\/fr\/wp-json\/wp\/v2\/product_tag?post=120861"}],"curies":[{"name":"wp","href":"https:\/\/api.w.org\/{rel}","templated":true}]}}