{"id":120870,"date":"2026-05-03T03:02:33","date_gmt":"2026-05-03T01:02:33","guid":{"rendered":"https:\/\/one-horizon.ch\/product\/duftkerze\/"},"modified":"2026-05-03T03:02:33","modified_gmt":"2026-05-03T01:02:33","slug":"duftkerze","status":"publish","type":"product","link":"https:\/\/one-horizon.ch\/fr\/product\/duftkerze\/","title":{"rendered":"Bougie parfum\u00e9e"},"content":{"rendered":"<p>Les bougies aux parfums embl\u00e9matiques de bergamote et de fleur d&#8217;oranger, de basilic et de rhubarbe, d&#8217;eucalyptus et de menthe et de noix de coco fra\u00eeche stimulent les sens et cr\u00e9ent une atmosph\u00e8re particuli\u00e8rement agr\u00e9able. Fabriqu\u00e9 \u00e0 la main \u00e0 partir de cire de soja \u00e0 100 %, dur\u00e9e de combustion : 35 heures. <\/p>\n","protected":false},"excerpt":{"rendered":"<p>Bougie parfum\u00e9e artisanale 100% cire de soja &#8211; 35h de combustion, dans quatre compositions parfum\u00e9es iconiques.<\/p>\n","protected":false},"featured_media":120456,"comment_status":"open","ping_status":"closed","template":"","meta":{"_acf_changed":false},"product_brand":[3039],"product_cat":[989],"product_tag":[],"class_list":{"0":"post-120870","1":"product","2":"type-product","3":"status-publish","4":"has-post-thumbnail","6":"product_brand-remember","7":"product_cat-bougies","9":"first","10":"onbackorder","11":"taxable","12":"shipping-taxable","13":"purchasable","14":"product-type-variable"},"acf":[],"_links":{"self":[{"href":"https:\/\/one-horizon.ch\/fr\/wp-json\/wp\/v2\/product\/120870","targetHints":{"allow":["GET"]}}],"collection":[{"href":"https:\/\/one-horizon.ch\/fr\/wp-json\/wp\/v2\/product"}],"about":[{"href":"https:\/\/one-horizon.ch\/fr\/wp-json\/wp\/v2\/types\/product"}],"replies":[{"embeddable":true,"href":"https:\/\/one-horizon.ch\/fr\/wp-json\/wp\/v2\/comments?post=120870"}],"wp:featuredmedia":[{"embeddable":true,"href":"https:\/\/one-horizon.ch\/fr\/wp-json\/wp\/v2\/media\/120456"}],"wp:attachment":[{"href":"https:\/\/one-horizon.ch\/fr\/wp-json\/wp\/v2\/media?parent=120870"}],"wp:term":[{"taxonomy":"product_brand","embeddable":true,"href":"https:\/\/one-horizon.ch\/fr\/wp-json\/wp\/v2\/product_brand?post=120870"},{"taxonomy":"product_cat","embeddable":true,"href":"https:\/\/one-horizon.ch\/fr\/wp-json\/wp\/v2\/product_cat?post=120870"},{"taxonomy":"product_tag","embeddable":true,"href":"https:\/\/one-horizon.ch\/fr\/wp-json\/wp\/v2\/product_tag?post=120870"}],"curies":[{"name":"wp","href":"https:\/\/api.w.org\/{rel}","templated":true}]}}