{"id":120877,"date":"2026-05-03T03:01:35","date_gmt":"2026-05-03T01:01:35","guid":{"rendered":"https:\/\/one-horizon.ch\/product\/glasvase-groove\/"},"modified":"2026-05-03T03:01:35","modified_gmt":"2026-05-03T01:01:35","slug":"glasvase-groove","status":"publish","type":"product","link":"https:\/\/one-horizon.ch\/fr\/product\/glasvase-groove\/","title":{"rendered":"Vase en verre Groove"},"content":{"rendered":"<p>Ce vase en verre au corps de vase transparent et cannel\u00e9 apporte une touche de couleur fra\u00eeche sur la table et peut \u00eatre d\u00e9cor\u00e9, selon votre humeur, de mani\u00e8re \u00e9l\u00e9gante avec une simple branche ou de mani\u00e8re plus pop avec des fleurs color\u00e9es. Vase bicolore avec corps de vase cannel\u00e9, mat\u00e9riau : verre, lavage \u00e0 la main recommand\u00e9, dimensions : Groove L green : H 23,8 cm, \u00d8 14,5 cm, ouverture du vase : \u00d8 9,3 cm. <\/p>\n","protected":false},"excerpt":{"rendered":"<p>Vase en verre cannel\u00e9 avec cylindre int\u00e9rieur color\u00e9 &#8211; une couleur fra\u00eeche sur la table, minimaliste et d\u00e9corative.<\/p>\n","protected":false},"featured_media":120412,"comment_status":"open","ping_status":"closed","template":"","meta":{"_acf_changed":false},"product_brand":[3039],"product_cat":[1329],"product_tag":[],"class_list":{"0":"post-120877","1":"product","2":"type-product","3":"status-publish","4":"has-post-thumbnail","6":"product_brand-remember","7":"product_cat-vases-fr","9":"first","10":"onbackorder","11":"taxable","12":"shipping-taxable","13":"purchasable","14":"product-type-variable"},"acf":[],"_links":{"self":[{"href":"https:\/\/one-horizon.ch\/fr\/wp-json\/wp\/v2\/product\/120877","targetHints":{"allow":["GET"]}}],"collection":[{"href":"https:\/\/one-horizon.ch\/fr\/wp-json\/wp\/v2\/product"}],"about":[{"href":"https:\/\/one-horizon.ch\/fr\/wp-json\/wp\/v2\/types\/product"}],"replies":[{"embeddable":true,"href":"https:\/\/one-horizon.ch\/fr\/wp-json\/wp\/v2\/comments?post=120877"}],"wp:featuredmedia":[{"embeddable":true,"href":"https:\/\/one-horizon.ch\/fr\/wp-json\/wp\/v2\/media\/120412"}],"wp:attachment":[{"href":"https:\/\/one-horizon.ch\/fr\/wp-json\/wp\/v2\/media?parent=120877"}],"wp:term":[{"taxonomy":"product_brand","embeddable":true,"href":"https:\/\/one-horizon.ch\/fr\/wp-json\/wp\/v2\/product_brand?post=120877"},{"taxonomy":"product_cat","embeddable":true,"href":"https:\/\/one-horizon.ch\/fr\/wp-json\/wp\/v2\/product_cat?post=120877"},{"taxonomy":"product_tag","embeddable":true,"href":"https:\/\/one-horizon.ch\/fr\/wp-json\/wp\/v2\/product_tag?post=120877"}],"curies":[{"name":"wp","href":"https:\/\/api.w.org\/{rel}","templated":true}]}}