{"id":120890,"date":"2026-05-03T02:59:55","date_gmt":"2026-05-03T00:59:55","guid":{"rendered":"https:\/\/one-horizon.ch\/product\/laterne-maja\/"},"modified":"2026-05-03T02:59:55","modified_gmt":"2026-05-03T00:59:55","slug":"laterne-maja","status":"publish","type":"product","link":"https:\/\/one-horizon.ch\/fr\/product\/laterne-maja\/","title":{"rendered":"Lanterne Maja"},"content":{"rendered":"<p>Cette lanterne en corde de coton color\u00e9e est tr\u00e8s sp\u00e9ciale : avec ou sans bougie, le design color\u00e9 est tout simplement un accroche-regard et une superbe d\u00e9coration dans la maison. Les bougies allum\u00e9es sont plac\u00e9es en toute s\u00e9curit\u00e9 dans un cylindre en verre et cr\u00e9ent de jolis motifs gr\u00e2ce \u00e0 la cordelette. La lanterne Maja est disponible en deux tailles avec une combinaison de couleurs diff\u00e9rentes.  <\/p>\n","protected":false},"excerpt":{"rendered":"<p>Lanterne faite \u00e0 la main en corde de coton avec un cylindre en verre &#8211; en deux tailles, un vrai eyecatcher.<\/p>\n","protected":false},"featured_media":120403,"comment_status":"open","ping_status":"closed","template":"","meta":{"_acf_changed":false},"product_brand":[3039],"product_cat":[3257],"product_tag":[],"class_list":{"0":"post-120890","1":"product","2":"type-product","3":"status-publish","4":"has-post-thumbnail","6":"product_brand-remember","7":"product_cat-lampes-de-table","9":"first","10":"onbackorder","11":"taxable","12":"shipping-taxable","13":"purchasable","14":"product-type-variable"},"acf":[],"_links":{"self":[{"href":"https:\/\/one-horizon.ch\/fr\/wp-json\/wp\/v2\/product\/120890","targetHints":{"allow":["GET"]}}],"collection":[{"href":"https:\/\/one-horizon.ch\/fr\/wp-json\/wp\/v2\/product"}],"about":[{"href":"https:\/\/one-horizon.ch\/fr\/wp-json\/wp\/v2\/types\/product"}],"replies":[{"embeddable":true,"href":"https:\/\/one-horizon.ch\/fr\/wp-json\/wp\/v2\/comments?post=120890"}],"wp:featuredmedia":[{"embeddable":true,"href":"https:\/\/one-horizon.ch\/fr\/wp-json\/wp\/v2\/media\/120403"}],"wp:attachment":[{"href":"https:\/\/one-horizon.ch\/fr\/wp-json\/wp\/v2\/media?parent=120890"}],"wp:term":[{"taxonomy":"product_brand","embeddable":true,"href":"https:\/\/one-horizon.ch\/fr\/wp-json\/wp\/v2\/product_brand?post=120890"},{"taxonomy":"product_cat","embeddable":true,"href":"https:\/\/one-horizon.ch\/fr\/wp-json\/wp\/v2\/product_cat?post=120890"},{"taxonomy":"product_tag","embeddable":true,"href":"https:\/\/one-horizon.ch\/fr\/wp-json\/wp\/v2\/product_tag?post=120890"}],"curies":[{"name":"wp","href":"https:\/\/api.w.org\/{rel}","templated":true}]}}