{"id":121030,"date":"2026-05-03T02:25:08","date_gmt":"2026-05-03T00:25:08","guid":{"rendered":"https:\/\/one-horizon.ch\/product\/teelichtglas-lumi\/"},"modified":"2026-05-03T02:25:08","modified_gmt":"2026-05-03T00:25:08","slug":"teelichtglas-lumi","status":"publish","type":"product","link":"https:\/\/one-horizon.ch\/fr\/product\/teelichtglas-lumi\/","title":{"rendered":"Verre \u00e0 bougie \u00e0 chauffe-plat Lumi"},"content":{"rendered":"<p>Le verre \u00e0 bougie \u00e0 chauffe-plat Lumi de Remember rend la maison vraiment accueillante. Le contraste entre le verre cannel\u00e9 et le verre lisse fait de Lumi un objet qui attire l&#8217;attention sur toutes les tables. Lorsque la bougie chauffe-plat est allum\u00e9e, elle cr\u00e9e des reflets lumineux qui cr\u00e9ent une v\u00e9ritable atmosph\u00e8re de bien-\u00eatre. <\/p>\n<h2>Une \u00e9l\u00e9gance simple, un grand impact<\/h2>\n<p>Qu&#8217;il soit utilis\u00e9 seul ou associ\u00e9 \u00e0 d&#8217;autres couleurs, Lumi se pr\u00eate merveilleusement bien \u00e0 l&#8217;arrangement et donne du caract\u00e8re \u00e0 toute table, \u00e9tag\u00e8re ou rebord de fen\u00eatre.<\/p>\n<h2>D\u00e9tails<\/h2>\n<ul>\n<li>Verre \u00e0 bougie chauffe-plat au design bicolore<\/li>\n<li>Contraste entre le verre stri\u00e9 et le verre lisse<\/li>\n<li>Mat\u00e9riau : verre<\/li>\n<li>Dimensions : H 12 cm, \u00d8 9 cm<\/li>\n<li>Bougie chauffe-plat non incluse<\/li>\n<\/ul>\n","protected":false},"excerpt":{"rendered":"<p>Verre d\u00e9coratif pour bougies \u00e0 chauffe-plat au design bicolore en verre stri\u00e9 et lisse. Lorsque vous allumez une bougie chauffe-plat, des reflets lumineux d&#8217;ambiance apparaissent. Une \u00e9l\u00e9gance simple pour la table, l&#8217;\u00e9tag\u00e8re ou le rebord de la fen\u00eatre.  <\/p>\n","protected":false},"featured_media":119978,"comment_status":"open","ping_status":"closed","template":"","meta":{"_acf_changed":false},"product_brand":[3039],"product_cat":[989],"product_tag":[3359,3369,3140],"class_list":{"0":"post-121030","1":"product","2":"type-product","3":"status-publish","4":"has-post-thumbnail","6":"product_brand-remember","7":"product_cat-bougies","8":"product_tag-anniversaire","9":"product_tag-emmenagement","10":"product_tag-noel","12":"first","13":"onbackorder","14":"taxable","15":"shipping-taxable","16":"purchasable","17":"product-type-variable"},"acf":[],"_links":{"self":[{"href":"https:\/\/one-horizon.ch\/fr\/wp-json\/wp\/v2\/product\/121030","targetHints":{"allow":["GET"]}}],"collection":[{"href":"https:\/\/one-horizon.ch\/fr\/wp-json\/wp\/v2\/product"}],"about":[{"href":"https:\/\/one-horizon.ch\/fr\/wp-json\/wp\/v2\/types\/product"}],"replies":[{"embeddable":true,"href":"https:\/\/one-horizon.ch\/fr\/wp-json\/wp\/v2\/comments?post=121030"}],"wp:featuredmedia":[{"embeddable":true,"href":"https:\/\/one-horizon.ch\/fr\/wp-json\/wp\/v2\/media\/119978"}],"wp:attachment":[{"href":"https:\/\/one-horizon.ch\/fr\/wp-json\/wp\/v2\/media?parent=121030"}],"wp:term":[{"taxonomy":"product_brand","embeddable":true,"href":"https:\/\/one-horizon.ch\/fr\/wp-json\/wp\/v2\/product_brand?post=121030"},{"taxonomy":"product_cat","embeddable":true,"href":"https:\/\/one-horizon.ch\/fr\/wp-json\/wp\/v2\/product_cat?post=121030"},{"taxonomy":"product_tag","embeddable":true,"href":"https:\/\/one-horizon.ch\/fr\/wp-json\/wp\/v2\/product_tag?post=121030"}],"curies":[{"name":"wp","href":"https:\/\/api.w.org\/{rel}","templated":true}]}}