{"id":121157,"date":"2026-05-03T02:24:37","date_gmt":"2026-05-03T00:24:37","guid":{"rendered":"https:\/\/one-horizon.ch\/product\/mine-tintenroller\/"},"modified":"2026-05-03T02:24:37","modified_gmt":"2026-05-03T00:24:37","slug":"mine-tintenroller","status":"publish","type":"product","link":"https:\/\/one-horizon.ch\/fr\/product\/mine-tintenroller\/","title":{"rendered":"Mine de roller"},"content":{"rendered":"<p>La <strong>mine Roller<\/strong> est la recharge d&#8217;encre originale pour le roller Stilform FLOW &#8211; fabriqu\u00e9e par SCHMIDT Technology selon les normes de qualit\u00e9 les plus strictes. La recharge Schmidt P 8127 offre une sensation d&#8217;\u00e9criture fluide et r\u00e9guli\u00e8re et un trac\u00e9 d&#8217;encre riche et sans bavures. <\/p>\n<p>Pour que votre FLOW \u00e9crive toujours dans votre couleur pr\u00e9f\u00e9r\u00e9e, la mine est disponible en bleu, vert et rouge avec une \u00e9paisseur de trait de 0,7 mm. Pour les amateurs de pr\u00e9cision, le noir est disponible en trois \u00e9paisseurs &#8211; 0,6, 0,7 et 1,0 mm &#8211; et couvre ainsi tout, des notes les plus fines aux projets les plus audacieux. <\/p>\n<p>Remplacer simplement, continuer \u00e0 \u00e9crire<\/p>\n","protected":false},"excerpt":{"rendered":"<p>La recharge Schmidt P 8127 de SCHMIDT Technology est la recharge originale pour le roller Stilform FLOW. Disponible en bleu, vert et rouge (0,7 mm) et en noir dans les \u00e9paisseurs 0,6, 0,7 et 1,0 mm &#8211; pour votre sensation d&#8217;\u00e9criture id\u00e9ale. <\/p>\n","protected":false},"featured_media":120204,"comment_status":"open","ping_status":"closed","template":"","meta":{"_acf_changed":false},"product_brand":[3044],"product_cat":[1279],"product_tag":[],"class_list":{"0":"post-121157","1":"product","2":"type-product","3":"status-publish","4":"has-post-thumbnail","6":"product_brand-stilform","7":"product_cat-stylos","9":"first","10":"onbackorder","11":"taxable","12":"shipping-taxable","13":"purchasable","14":"product-type-variable"},"acf":[],"_links":{"self":[{"href":"https:\/\/one-horizon.ch\/fr\/wp-json\/wp\/v2\/product\/121157","targetHints":{"allow":["GET"]}}],"collection":[{"href":"https:\/\/one-horizon.ch\/fr\/wp-json\/wp\/v2\/product"}],"about":[{"href":"https:\/\/one-horizon.ch\/fr\/wp-json\/wp\/v2\/types\/product"}],"replies":[{"embeddable":true,"href":"https:\/\/one-horizon.ch\/fr\/wp-json\/wp\/v2\/comments?post=121157"}],"wp:featuredmedia":[{"embeddable":true,"href":"https:\/\/one-horizon.ch\/fr\/wp-json\/wp\/v2\/media\/120204"}],"wp:attachment":[{"href":"https:\/\/one-horizon.ch\/fr\/wp-json\/wp\/v2\/media?parent=121157"}],"wp:term":[{"taxonomy":"product_brand","embeddable":true,"href":"https:\/\/one-horizon.ch\/fr\/wp-json\/wp\/v2\/product_brand?post=121157"},{"taxonomy":"product_cat","embeddable":true,"href":"https:\/\/one-horizon.ch\/fr\/wp-json\/wp\/v2\/product_cat?post=121157"},{"taxonomy":"product_tag","embeddable":true,"href":"https:\/\/one-horizon.ch\/fr\/wp-json\/wp\/v2\/product_tag?post=121157"}],"curies":[{"name":"wp","href":"https:\/\/api.w.org\/{rel}","templated":true}]}}