{"id":121174,"date":"2026-05-03T02:25:04","date_gmt":"2026-05-03T00:25:04","guid":{"rendered":"https:\/\/one-horizon.ch\/product\/mine-gelschreiber\/"},"modified":"2026-05-03T02:25:04","modified_gmt":"2026-05-03T00:25:04","slug":"mine-gelschreiber","status":"publish","type":"product","link":"https:\/\/one-horizon.ch\/fr\/product\/mine-gelschreiber\/","title":{"rendered":"Mine de stylo gel"},"content":{"rendered":"<p>La recharge <strong>pour stylo \u00e0 encre gel<\/strong> est la recharge adapt\u00e9e au stylo \u00e0 encre gel Stilform ARC &#8211; d\u00e9velopp\u00e9e en collaboration avec Pilot et sa technologie LP3RF Juice Up. Le r\u00e9sultat : une sensation d&#8217;\u00e9criture exceptionnellement fluide avec des lignes fines et nettes et une couverture d&#8217;encre puissante. <\/p>\n<p>Disponible en noir, bleu et rouge, chacun en trois \u00e9paisseurs de trait (0,3 \/ 0,4 \/ 0,5 mm) &#8211; id\u00e9al pour les croquis d\u00e9taill\u00e9s, les notes et tout ce qui se trouve entre les deux. Que vous soyez architecte, designer ou que vous \u00e9criviez tous les jours, la mine \u00e0 gel offre des r\u00e9sultats constants \u00e0 chaque utilisation. <\/p>\n<p>Il suffit d&#8217;\u00e9changer, de continuer \u00e0 profiter.<\/p>\n","protected":false},"excerpt":{"rendered":"<p>La recharge Pilot LP3RF Juice Up s&#8217;adapte parfaitement au stylo \u00e0 encre gel Stilform ARC. Disponible en noir, bleu et rouge, en trois \u00e9paisseurs de trait (0,3 \/ 0,4 \/ 0,5 mm). Une \u00e9criture fluide, des lignes nettes, une pr\u00e9cision parfaite \u00e0 chaque utilisation.  <\/p>\n","protected":false},"featured_media":120219,"comment_status":"open","ping_status":"closed","template":"","meta":{"_acf_changed":false},"product_brand":[3044],"product_cat":[1279],"product_tag":[],"class_list":{"0":"post-121174","1":"product","2":"type-product","3":"status-publish","4":"has-post-thumbnail","6":"product_brand-stilform","7":"product_cat-stylos","9":"first","10":"onbackorder","11":"taxable","12":"shipping-taxable","13":"purchasable","14":"product-type-variable"},"acf":[],"_links":{"self":[{"href":"https:\/\/one-horizon.ch\/fr\/wp-json\/wp\/v2\/product\/121174","targetHints":{"allow":["GET"]}}],"collection":[{"href":"https:\/\/one-horizon.ch\/fr\/wp-json\/wp\/v2\/product"}],"about":[{"href":"https:\/\/one-horizon.ch\/fr\/wp-json\/wp\/v2\/types\/product"}],"replies":[{"embeddable":true,"href":"https:\/\/one-horizon.ch\/fr\/wp-json\/wp\/v2\/comments?post=121174"}],"wp:featuredmedia":[{"embeddable":true,"href":"https:\/\/one-horizon.ch\/fr\/wp-json\/wp\/v2\/media\/120219"}],"wp:attachment":[{"href":"https:\/\/one-horizon.ch\/fr\/wp-json\/wp\/v2\/media?parent=121174"}],"wp:term":[{"taxonomy":"product_brand","embeddable":true,"href":"https:\/\/one-horizon.ch\/fr\/wp-json\/wp\/v2\/product_brand?post=121174"},{"taxonomy":"product_cat","embeddable":true,"href":"https:\/\/one-horizon.ch\/fr\/wp-json\/wp\/v2\/product_cat?post=121174"},{"taxonomy":"product_tag","embeddable":true,"href":"https:\/\/one-horizon.ch\/fr\/wp-json\/wp\/v2\/product_tag?post=121174"}],"curies":[{"name":"wp","href":"https:\/\/api.w.org\/{rel}","templated":true}]}}