{"id":121513,"date":"2026-05-03T13:31:34","date_gmt":"2026-05-03T11:31:34","guid":{"rendered":"https:\/\/one-horizon.ch\/product\/glaeser-jill-2er-set\/"},"modified":"2026-05-03T13:31:34","modified_gmt":"2026-05-03T11:31:34","slug":"glaeser-jill-2er-set","status":"publish","type":"product","link":"https:\/\/one-horizon.ch\/fr\/product\/glaeser-jill-2er-set\/","title":{"rendered":"Verres Jill (set de 2)"},"content":{"rendered":"<p>&gt;<br \/>\n  Que ce soit pour la vie quotidienne ou pour les occasions festives : Les petits verres \u00e0 boire en verre borosilicat\u00e9 color\u00e9 sont amusants en toute occasion. Verres en lot de 2, lavables au lave-vaisselle, r\u00e9sistants au micro-ondes, au four et \u00e0 la chaleur jusqu&#8217;\u00e0 300 \u00b0C. <\/p>\n","protected":false},"excerpt":{"rendered":"<p>Verres Jill en set de 2 &#8211; des verres \u00e0 boire color\u00e9s au caract\u00e8re particulier.<\/p>\n","protected":false},"featured_media":121952,"comment_status":"open","ping_status":"closed","template":"","meta":{"_acf_changed":false},"product_brand":[3039],"product_cat":[1280],"product_tag":[],"class_list":{"0":"post-121513","1":"product","2":"type-product","3":"status-publish","4":"has-post-thumbnail","6":"product_brand-remember","7":"product_cat-vaisselle","9":"first","10":"onbackorder","11":"taxable","12":"shipping-taxable","13":"purchasable","14":"product-type-variable"},"acf":[],"_links":{"self":[{"href":"https:\/\/one-horizon.ch\/fr\/wp-json\/wp\/v2\/product\/121513","targetHints":{"allow":["GET"]}}],"collection":[{"href":"https:\/\/one-horizon.ch\/fr\/wp-json\/wp\/v2\/product"}],"about":[{"href":"https:\/\/one-horizon.ch\/fr\/wp-json\/wp\/v2\/types\/product"}],"replies":[{"embeddable":true,"href":"https:\/\/one-horizon.ch\/fr\/wp-json\/wp\/v2\/comments?post=121513"}],"wp:featuredmedia":[{"embeddable":true,"href":"https:\/\/one-horizon.ch\/fr\/wp-json\/wp\/v2\/media\/121952"}],"wp:attachment":[{"href":"https:\/\/one-horizon.ch\/fr\/wp-json\/wp\/v2\/media?parent=121513"}],"wp:term":[{"taxonomy":"product_brand","embeddable":true,"href":"https:\/\/one-horizon.ch\/fr\/wp-json\/wp\/v2\/product_brand?post=121513"},{"taxonomy":"product_cat","embeddable":true,"href":"https:\/\/one-horizon.ch\/fr\/wp-json\/wp\/v2\/product_cat?post=121513"},{"taxonomy":"product_tag","embeddable":true,"href":"https:\/\/one-horizon.ch\/fr\/wp-json\/wp\/v2\/product_tag?post=121513"}],"curies":[{"name":"wp","href":"https:\/\/api.w.org\/{rel}","templated":true}]}}