{"id":121521,"date":"2026-05-03T13:30:05","date_gmt":"2026-05-03T11:30:05","guid":{"rendered":"https:\/\/one-horizon.ch\/product\/teekanne\/"},"modified":"2026-05-03T13:30:05","modified_gmt":"2026-05-03T11:30:05","slug":"teekanne","status":"publish","type":"product","link":"https:\/\/one-horizon.ch\/fr\/product\/teekanne\/","title":{"rendered":"Th\u00e9i\u00e8re"},"content":{"rendered":"<p>&gt;<br \/>\n  Pour des moments de d\u00e9tente agr\u00e9ables : La th\u00e9i\u00e8re Lorenzo met de la bonne humeur dans votre tasse de th\u00e9 \u00e0 tout moment de la journ\u00e9e. \u00c9quip\u00e9e d&#8217;un filtre en acier inoxydable, elle convient \u00e9galement aux feuilles de th\u00e9 en vrac, ce qui vous permet de pr\u00e9parer votre th\u00e9 selon vos go\u00fbts. Associez la th\u00e9i\u00e8re aux tasses de la collection en porcelaine et profitez d&#8217;un tea time haut en couleur. Th\u00e9i\u00e8re avec couvercle et   <\/p>\n","protected":false},"excerpt":{"rendered":"<p>Th\u00e9i\u00e8re en Fine Bone China &#8211; design Remember color\u00e9, pour 3-4 tasses.<\/p>\n","protected":false},"featured_media":121895,"comment_status":"open","ping_status":"closed","template":"","meta":{"_acf_changed":false},"product_brand":[3039],"product_cat":[1280],"product_tag":[],"class_list":{"0":"post-121521","1":"product","2":"type-product","3":"status-publish","4":"has-post-thumbnail","6":"product_brand-remember","7":"product_cat-vaisselle","9":"first","10":"onbackorder","11":"taxable","12":"shipping-taxable","13":"purchasable","14":"product-type-variable"},"acf":[],"_links":{"self":[{"href":"https:\/\/one-horizon.ch\/fr\/wp-json\/wp\/v2\/product\/121521","targetHints":{"allow":["GET"]}}],"collection":[{"href":"https:\/\/one-horizon.ch\/fr\/wp-json\/wp\/v2\/product"}],"about":[{"href":"https:\/\/one-horizon.ch\/fr\/wp-json\/wp\/v2\/types\/product"}],"replies":[{"embeddable":true,"href":"https:\/\/one-horizon.ch\/fr\/wp-json\/wp\/v2\/comments?post=121521"}],"wp:featuredmedia":[{"embeddable":true,"href":"https:\/\/one-horizon.ch\/fr\/wp-json\/wp\/v2\/media\/121895"}],"wp:attachment":[{"href":"https:\/\/one-horizon.ch\/fr\/wp-json\/wp\/v2\/media?parent=121521"}],"wp:term":[{"taxonomy":"product_brand","embeddable":true,"href":"https:\/\/one-horizon.ch\/fr\/wp-json\/wp\/v2\/product_brand?post=121521"},{"taxonomy":"product_cat","embeddable":true,"href":"https:\/\/one-horizon.ch\/fr\/wp-json\/wp\/v2\/product_cat?post=121521"},{"taxonomy":"product_tag","embeddable":true,"href":"https:\/\/one-horizon.ch\/fr\/wp-json\/wp\/v2\/product_tag?post=121521"}],"curies":[{"name":"wp","href":"https:\/\/api.w.org\/{rel}","templated":true}]}}