{"id":121538,"date":"2026-05-03T13:29:31","date_gmt":"2026-05-03T11:29:31","guid":{"rendered":"https:\/\/one-horizon.ch\/product\/mueslischale\/"},"modified":"2026-05-03T13:29:31","modified_gmt":"2026-05-03T11:29:31","slug":"mueslischale","status":"publish","type":"product","link":"https:\/\/one-horizon.ch\/fr\/product\/mueslischale\/","title":{"rendered":"Bol \u00e0 c\u00e9r\u00e9ales"},"content":{"rendered":"<p>&gt;<br \/>\n  Particuli\u00e8rement haut de gamme et unique en son genre : la vaisselle REMEMBER en porcelaine Fine Bone China donne des accents color\u00e9s \u00e0 votre table ! Cette collection s\u00e9duit par ses formes \u00e9l\u00e9gantes et met de la couleur sur la table gr\u00e2ce au design REMEMBER \u00e9prouv\u00e9. Empilable et r\u00e9sistant au lave-vaisselle. Tous les mod\u00e8les sont livr\u00e9s dans un joli emballage cadeau.   <\/p>\n","protected":false},"excerpt":{"rendered":"<p>Bol \u00e0 c\u00e9r\u00e9ales en fine bone china au design color\u00e9 Remember &#8211; lavable au lave-vaisselle.<\/p>\n","protected":false},"featured_media":121874,"comment_status":"open","ping_status":"closed","template":"","meta":{"_acf_changed":false},"product_brand":[3039],"product_cat":[1280],"product_tag":[],"class_list":{"0":"post-121538","1":"product","2":"type-product","3":"status-publish","4":"has-post-thumbnail","6":"product_brand-remember","7":"product_cat-vaisselle","9":"first","10":"onbackorder","11":"taxable","12":"shipping-taxable","13":"purchasable","14":"product-type-variable"},"acf":[],"_links":{"self":[{"href":"https:\/\/one-horizon.ch\/fr\/wp-json\/wp\/v2\/product\/121538","targetHints":{"allow":["GET"]}}],"collection":[{"href":"https:\/\/one-horizon.ch\/fr\/wp-json\/wp\/v2\/product"}],"about":[{"href":"https:\/\/one-horizon.ch\/fr\/wp-json\/wp\/v2\/types\/product"}],"replies":[{"embeddable":true,"href":"https:\/\/one-horizon.ch\/fr\/wp-json\/wp\/v2\/comments?post=121538"}],"wp:featuredmedia":[{"embeddable":true,"href":"https:\/\/one-horizon.ch\/fr\/wp-json\/wp\/v2\/media\/121874"}],"wp:attachment":[{"href":"https:\/\/one-horizon.ch\/fr\/wp-json\/wp\/v2\/media?parent=121538"}],"wp:term":[{"taxonomy":"product_brand","embeddable":true,"href":"https:\/\/one-horizon.ch\/fr\/wp-json\/wp\/v2\/product_brand?post=121538"},{"taxonomy":"product_cat","embeddable":true,"href":"https:\/\/one-horizon.ch\/fr\/wp-json\/wp\/v2\/product_cat?post=121538"},{"taxonomy":"product_tag","embeddable":true,"href":"https:\/\/one-horizon.ch\/fr\/wp-json\/wp\/v2\/product_tag?post=121538"}],"curies":[{"name":"wp","href":"https:\/\/api.w.org\/{rel}","templated":true}]}}