{"id":121550,"date":"2026-05-03T13:30:31","date_gmt":"2026-05-03T11:30:31","guid":{"rendered":"https:\/\/one-horizon.ch\/product\/tablett\/"},"modified":"2026-05-03T13:30:31","modified_gmt":"2026-05-03T11:30:31","slug":"tablett","status":"publish","type":"product","link":"https:\/\/one-horizon.ch\/fr\/product\/tablett\/","title":{"rendered":"Plateau"},"content":{"rendered":"<p>&gt;<br \/>\n  L&#8217;accroche-regard dans votre cuisine : de magnifiques plateaux avec un rev\u00eatement brillant imprim\u00e9.<\/p>\n","protected":false},"excerpt":{"rendered":"<p>Plateaux en m\u00e9lamine color\u00e9s au design Remember &#8211; pratiques et d\u00e9coratifs.<\/p>\n","protected":false},"featured_media":121910,"comment_status":"open","ping_status":"closed","template":"","meta":{"_acf_changed":false},"product_brand":[3039],"product_cat":[1280],"product_tag":[],"class_list":{"0":"post-121550","1":"product","2":"type-product","3":"status-publish","4":"has-post-thumbnail","6":"product_brand-remember","7":"product_cat-vaisselle","9":"first","10":"onbackorder","11":"taxable","12":"shipping-taxable","13":"purchasable","14":"product-type-variable"},"acf":[],"_links":{"self":[{"href":"https:\/\/one-horizon.ch\/fr\/wp-json\/wp\/v2\/product\/121550","targetHints":{"allow":["GET"]}}],"collection":[{"href":"https:\/\/one-horizon.ch\/fr\/wp-json\/wp\/v2\/product"}],"about":[{"href":"https:\/\/one-horizon.ch\/fr\/wp-json\/wp\/v2\/types\/product"}],"replies":[{"embeddable":true,"href":"https:\/\/one-horizon.ch\/fr\/wp-json\/wp\/v2\/comments?post=121550"}],"wp:featuredmedia":[{"embeddable":true,"href":"https:\/\/one-horizon.ch\/fr\/wp-json\/wp\/v2\/media\/121910"}],"wp:attachment":[{"href":"https:\/\/one-horizon.ch\/fr\/wp-json\/wp\/v2\/media?parent=121550"}],"wp:term":[{"taxonomy":"product_brand","embeddable":true,"href":"https:\/\/one-horizon.ch\/fr\/wp-json\/wp\/v2\/product_brand?post=121550"},{"taxonomy":"product_cat","embeddable":true,"href":"https:\/\/one-horizon.ch\/fr\/wp-json\/wp\/v2\/product_cat?post=121550"},{"taxonomy":"product_tag","embeddable":true,"href":"https:\/\/one-horizon.ch\/fr\/wp-json\/wp\/v2\/product_tag?post=121550"}],"curies":[{"name":"wp","href":"https:\/\/api.w.org\/{rel}","templated":true}]}}