{"id":121561,"date":"2026-05-03T13:28:57","date_gmt":"2026-05-03T11:28:57","guid":{"rendered":"https:\/\/one-horizon.ch\/product\/espressotasse-mit-unterteller\/"},"modified":"2026-05-03T13:28:57","modified_gmt":"2026-05-03T11:28:57","slug":"espressotasse-mit-unterteller","status":"publish","type":"product","link":"https:\/\/one-horizon.ch\/fr\/product\/espressotasse-mit-unterteller\/","title":{"rendered":"Tasse \u00e0 expresso avec soucoupe"},"content":{"rendered":"<p>&gt;<br \/>\n  Particuli\u00e8rement haut de gamme et unique en son genre, la vaisselle REMEMBER en porcelaine Fine Bone China apporte une touche color\u00e9e \u00e0 la table. La collection de tasses s\u00e9duit par ses formes \u00e9l\u00e9gantes et met de la couleur sur la table gr\u00e2ce au design REMEMBER\u00ae \u00e9prouv\u00e9. Tous les mod\u00e8les sont pr\u00e9sent\u00e9s dans un joli emballage cadeau. Tasse : hauteur : 5,6 cm, diam\u00e8tre : 5,4 cm. Contenu : env. 75 ml, soucoupe : hauteur : 1,7 cm, diam\u00e8tre : 1,5 cm.    <\/p>\n","protected":false},"excerpt":{"rendered":"<p>Tasse \u00e0 expresso avec soucoupe en fine bone china &#8211; designs color\u00e9s Remember.<\/p>\n","protected":false},"featured_media":121847,"comment_status":"open","ping_status":"closed","template":"","meta":{"_acf_changed":false},"product_brand":[3039],"product_cat":[1280],"product_tag":[],"class_list":{"0":"post-121561","1":"product","2":"type-product","3":"status-publish","4":"has-post-thumbnail","6":"product_brand-remember","7":"product_cat-vaisselle","9":"first","10":"onbackorder","11":"taxable","12":"shipping-taxable","13":"purchasable","14":"product-type-variable"},"acf":[],"_links":{"self":[{"href":"https:\/\/one-horizon.ch\/fr\/wp-json\/wp\/v2\/product\/121561","targetHints":{"allow":["GET"]}}],"collection":[{"href":"https:\/\/one-horizon.ch\/fr\/wp-json\/wp\/v2\/product"}],"about":[{"href":"https:\/\/one-horizon.ch\/fr\/wp-json\/wp\/v2\/types\/product"}],"replies":[{"embeddable":true,"href":"https:\/\/one-horizon.ch\/fr\/wp-json\/wp\/v2\/comments?post=121561"}],"wp:featuredmedia":[{"embeddable":true,"href":"https:\/\/one-horizon.ch\/fr\/wp-json\/wp\/v2\/media\/121847"}],"wp:attachment":[{"href":"https:\/\/one-horizon.ch\/fr\/wp-json\/wp\/v2\/media?parent=121561"}],"wp:term":[{"taxonomy":"product_brand","embeddable":true,"href":"https:\/\/one-horizon.ch\/fr\/wp-json\/wp\/v2\/product_brand?post=121561"},{"taxonomy":"product_cat","embeddable":true,"href":"https:\/\/one-horizon.ch\/fr\/wp-json\/wp\/v2\/product_cat?post=121561"},{"taxonomy":"product_tag","embeddable":true,"href":"https:\/\/one-horizon.ch\/fr\/wp-json\/wp\/v2\/product_tag?post=121561"}],"curies":[{"name":"wp","href":"https:\/\/api.w.org\/{rel}","templated":true}]}}