{"id":121570,"date":"2026-05-03T13:26:00","date_gmt":"2026-05-03T11:26:00","guid":{"rendered":"https:\/\/one-horizon.ch\/product\/glasdose\/"},"modified":"2026-05-03T13:26:00","modified_gmt":"2026-05-03T11:26:00","slug":"glasdose","status":"publish","type":"product","link":"https:\/\/one-horizon.ch\/fr\/product\/glasdose\/","title":{"rendered":"Bo\u00eete en verre"},"content":{"rendered":"<p>&gt;<br \/>\n  Bo\u00eete en verre avec un couvercle de couleur contrast\u00e9e. Le r\u00e9cipient peut \u00eatre joliment mis en valeur en tant que bonbonni\u00e8re, pour des bijoux ou d&#8217;autres petits objets dans de nombreux endroits de la maison. Disponible en diff\u00e9rentes tailles et couleurs. Dimensions : S : H 13,5 cm, \u00d8 13 cm M : H 16 cm, \u00d8 14 cm L : H 18,4 cm, \u00d8 15 cm   <\/p>\n","protected":false},"excerpt":{"rendered":"<p>Bo\u00eete en verre avec couvercle en bois &#8211; herm\u00e9tique et esth\u00e9tique, disponible en deux tailles.<\/p>\n","protected":false},"featured_media":121829,"comment_status":"open","ping_status":"closed","template":"","meta":{"_acf_changed":false},"product_brand":[3039],"product_cat":[1280],"product_tag":[],"class_list":{"0":"post-121570","1":"product","2":"type-product","3":"status-publish","4":"has-post-thumbnail","6":"product_brand-remember","7":"product_cat-vaisselle","9":"first","10":"onbackorder","11":"taxable","12":"shipping-taxable","13":"purchasable","14":"product-type-variable"},"acf":[],"_links":{"self":[{"href":"https:\/\/one-horizon.ch\/fr\/wp-json\/wp\/v2\/product\/121570","targetHints":{"allow":["GET"]}}],"collection":[{"href":"https:\/\/one-horizon.ch\/fr\/wp-json\/wp\/v2\/product"}],"about":[{"href":"https:\/\/one-horizon.ch\/fr\/wp-json\/wp\/v2\/types\/product"}],"replies":[{"embeddable":true,"href":"https:\/\/one-horizon.ch\/fr\/wp-json\/wp\/v2\/comments?post=121570"}],"wp:featuredmedia":[{"embeddable":true,"href":"https:\/\/one-horizon.ch\/fr\/wp-json\/wp\/v2\/media\/121829"}],"wp:attachment":[{"href":"https:\/\/one-horizon.ch\/fr\/wp-json\/wp\/v2\/media?parent=121570"}],"wp:term":[{"taxonomy":"product_brand","embeddable":true,"href":"https:\/\/one-horizon.ch\/fr\/wp-json\/wp\/v2\/product_brand?post=121570"},{"taxonomy":"product_cat","embeddable":true,"href":"https:\/\/one-horizon.ch\/fr\/wp-json\/wp\/v2\/product_cat?post=121570"},{"taxonomy":"product_tag","embeddable":true,"href":"https:\/\/one-horizon.ch\/fr\/wp-json\/wp\/v2\/product_tag?post=121570"}],"curies":[{"name":"wp","href":"https:\/\/api.w.org\/{rel}","templated":true}]}}